{"id":1678,"date":"2019-11-28T19:28:38","date_gmt":"2019-11-28T19:28:38","guid":{"rendered":"https:\/\/buschmills.com\/asesor-general\/"},"modified":"2023-06-21T12:40:15","modified_gmt":"2023-06-21T12:40:15","slug":"asesor-general","status":"publish","type":"page","link":"https:\/\/buschmills.com\/es\/asesor-general\/","title":{"rendered":"Asesor general"},"content":{"rendered":"<p>[et_pb_section fb_built=\u00bb1&#8243; custom_padding_last_edited=\u00bboff|desktop\u00bb _builder_version=\u00bb4.7.7&#8243; _module_preset=\u00bbdefault\u00bb background_color=\u00bb#3684da\u00bb background_enable_image=\u00bboff\u00bb transform_translate_linked=\u00bboff\u00bb custom_margin=\u00bb-185px||||false|false\u00bb custom_padding=\u00bb260px||75px||false|false\u00bb custom_padding_tablet=\u00bb260px||||false|false\u00bb][et_pb_row _builder_version=\u00bb4.7.7&#8243; _module_preset=\u00bbdefault\u00bb custom_padding=\u00bb0px||0px||true|false\u00bb][et_pb_column type=\u00bb4_4&#8243; _builder_version=\u00bb4.7.7&#8243; _module_preset=\u00bbdefault\u00bb][et_pb_text _builder_version=\u00bb4.8.1&#8243; text_text_color=\u00bb#4f5356&#8243; text_font_size=\u00bb20px\u00bb text_line_height=\u00bb1.8em\u00bb header_font=\u00bbFutura Medium|500||on|||||\u00bb header_text_align=\u00bbleft\u00bb header_text_color=\u00bb#ffffff\u00bb header_font_size=\u00bb48px\u00bb header_letter_spacing=\u00bb4px\u00bb header_line_height=\u00bb1.5em\u00bb width=\u00bb105%\u00bb max_width_tablet=\u00bb100%\u00bb max_width_last_edited=\u00bboff|desktop\u00bb custom_margin=\u00bb||||false|false\u00bb custom_padding=\u00bb0px|||||\u00bb hover_enabled=\u00bb0&#8243; header_text_align_tablet=\u00bbcenter\u00bb header_text_align_last_edited=\u00bboff|desktop\u00bb header_font_size_tablet=\u00bb26px\u00bb header_font_size_phone=\u00bb26px\u00bb header_font_size_last_edited=\u00bbon|phone\u00bb animation_style=\u00bbfade\u00bb sticky_enabled=\u00bb0&#8243;]<\/p>\n<h1>Asesor general<\/h1>\n<p>[\/et_pb_text][et_pb_text _builder_version=\u00bb4.8.1&#8243; text_text_color=\u00bb#4f5356&#8243; text_font_size=\u00bb20px\u00bb text_line_height=\u00bb1.8em\u00bb link_font=\u00bbBrandon Grotesque Medium|600|||||||\u00bb link_text_color=\u00bb#5fd675&#8243; link_font_size=\u00bb24px\u00bb link_letter_spacing=\u00bb3px\u00bb link_line_height=\u00bb1.2em\u00bb header_font=\u00bbFutura Medium|||on|||||\u00bb header_text_align=\u00bbleft\u00bb header_text_color=\u00bb#ffffff\u00bb header_font_size=\u00bb48px\u00bb header_letter_spacing=\u00bb4px\u00bb header_line_height=\u00bb1.5em\u00bb header_2_font=\u00bbBrandon Grotesque Regular|600|||||||\u00bb header_2_text_color=\u00bb#5fd675&#8243; header_2_font_size=\u00bb24px\u00bb header_2_letter_spacing=\u00bb2px\u00bb max_width_tablet=\u00bb100%\u00bb max_width_phone=\u00bb\u00bb max_width_last_edited=\u00bbon|desktop\u00bb custom_margin=\u00bb25px||||false|false\u00bb custom_margin_tablet=\u00bb100px||||false|false\u00bb custom_margin_last_edited=\u00bboff|desktop\u00bb custom_padding=\u00bb0px|||||\u00bb hover_enabled=\u00bb0&#8243; link_line_height_tablet=\u00bb\u00bb link_line_height_phone=\u00bb\u00bb link_line_height_last_edited=\u00bbon|phone\u00bb header_text_align_tablet=\u00bbcenter\u00bb header_text_align_last_edited=\u00bboff|desktop\u00bb header_font_size_tablet=\u00bb26px\u00bb header_font_size_phone=\u00bb26px\u00bb header_font_size_last_edited=\u00bbon|phone\u00bb header_text_shadow_style=\u00bbpreset3&#8243; animation_style=\u00bbslide\u00bb animation_direction=\u00bbbottom\u00bb sticky_enabled=\u00bb0&#8243;]<a href=\"\/contact\/\"><span style=\"border-bottom: 3px solid; padding-bottom: 15px;\">CONT\u00c1CTENOS <\/span><\/a>[\/et_pb_text][\/et_pb_column][\/et_pb_row][\/et_pb_section][et_pb_section fb_built=\u00bb1&#8243; custom_padding_last_edited=\u00bbon|phone\u00bb _builder_version=\u00bb4.7.7&#8243; custom_margin=\u00bb||||false|false\u00bb custom_padding=\u00bb80px||80px||true|false\u00bb custom_padding_tablet=\u00bb60px||60px||true|false\u00bb custom_padding_phone=\u00bb0px||70px||false|false\u00bb][et_pb_row module_class=\u00bbmainHeading\u00bb _builder_version=\u00bb4.7.7&#8243; custom_margin=\u00bb|auto||auto|false|false\u00bb custom_margin_tablet=\u00bb|||auto|false|false\u00bb custom_margin_phone=\u00bb|auto||auto|false|false\u00bb custom_margin_last_edited=\u00bbon|desktop\u00bb custom_padding=\u00bb0px||0px||true|\u00bb][et_pb_column type=\u00bb4_4&#8243; _builder_version=\u00bb4.0.6&#8243;][et_pb_text _builder_version=\u00bb4.7.7&#8243; text_font=\u00bbBrandon Grotesque Regular||||||||\u00bb text_text_color=\u00bb#040707&#8243; text_font_size=\u00bb22px\u00bb text_line_height=\u00bb1.8em\u00bb header_font=\u00bb|||on|||||\u00bb header_text_align=\u00bbcenter\u00bb header_text_color=\u00bb#4f5356&#8243; header_font_size=\u00bb36px\u00bb header_letter_spacing=\u00bb4px\u00bb header_line_height=\u00bb1.5em\u00bb header_2_font=\u00bb|||on|||||\u00bb header_2_font_size=\u00bb36px\u00bb header_2_letter_spacing=\u00bb3px\u00bb header_2_line_height=\u00bb1.5em\u00bb width=\u00bb99%\u00bb width_tablet=\u00bb100%\u00bb width_phone=\u00bb100%\u00bb width_last_edited=\u00bbon|tablet\u00bb custom_margin=\u00bb||||false|false\u00bb custom_margin_phone=\u00bb-36px||||false|false\u00bb custom_margin_last_edited=\u00bboff|desktop\u00bb custom_padding=\u00bb0px|||||\u00bb custom_padding_last_edited=\u00bboff|desktop\u00bb header_font_size_tablet=\u00bb26px\u00bb header_font_size_phone=\u00bb20px\u00bb header_font_size_last_edited=\u00bbon|phone\u00bb header_2_font_size_tablet=\u00bb26px\u00bb header_2_font_size_phone=\u00bb26px\u00bb header_2_font_size_last_edited=\u00bbon|phone\u00bb text_orientation_phone=\u00bbleft\u00bb text_orientation_last_edited=\u00bboff|desktop\u00bb]Muchas empresas, desde empresas emergentes hasta grandes empresas, no cuentan con asesoramiento interno por motivos de costo, filosof\u00eda o transici\u00f3n.  Adem\u00e1s, algunos abogados internos no tienen el tiempo o, en algunos casos, tampoco la experiencia para manejar ciertos asuntos y, por lo tanto, requieren apoyo legal externo.<\/p>\n<p>Por estos motivos, Busch Mills ha desarrollado un programa \u00fanico de Asesor general externo para clientes corporativos grandes y peque\u00f1os que desean que abogados externos manejen formalidades corporativas y asuntos legales, sin incurrir en los altos costos generales y de personal de m\u00faltiples niveles de los grandes bufetes de abogados.  En esta capacidad, brindamos servicios experimentados y rentables en numerosas \u00e1reas de pr\u00e1ctica, con especial \u00e9nfasis en las siguientes categor\u00edas:[\/et_pb_text][\/et_pb_column][\/et_pb_row][et_pb_row column_structure=\u00bb1_2,1_2&#8243; _builder_version=\u00bb4.7.7&#8243; _module_preset=\u00bbdefault\u00bb custom_margin=\u00bb||||false|true\u00bb custom_padding=\u00bb30px||0px||false|false\u00bb][et_pb_column type=\u00bb1_2&#8243; _builder_version=\u00bb4.7.7&#8243; _module_preset=\u00bbdefault\u00bb][et_pb_text _builder_version=\u00bb4.7.7&#8243; text_font=\u00bbBrandon Grotesque Regular||||||||\u00bb text_text_color=\u00bb#040707&#8243; text_font_size=\u00bb22px\u00bb text_line_height=\u00bb1.8em\u00bb ul_font=\u00bbBrandon Grotesque Regular||||||||\u00bb ul_text_color=\u00bb#040707&#8243; ul_font_size=\u00bb22px\u00bb ul_line_height=\u00bb1.8em\u00bb header_font=\u00bb|||on|||||\u00bb header_text_align=\u00bbcenter\u00bb header_text_color=\u00bb#4f5356&#8243; header_font_size=\u00bb36px\u00bb header_letter_spacing=\u00bb4px\u00bb header_line_height=\u00bb1.5em\u00bb header_2_font=\u00bb|||on|||||\u00bb header_2_font_size=\u00bb36px\u00bb header_2_letter_spacing=\u00bb3px\u00bb header_2_line_height=\u00bb1.5em\u00bb width=\u00bb100%\u00bb width_tablet=\u00bb100%\u00bb width_phone=\u00bb100%\u00bb width_last_edited=\u00bbon|phone\u00bb custom_margin=\u00bb0px||0px||true|false\u00bb custom_margin_phone=\u00bb-36px||||false|false\u00bb custom_margin_last_edited=\u00bboff|desktop\u00bb custom_padding=\u00bb0px||0px||true|false\u00bb custom_padding_last_edited=\u00bboff|desktop\u00bb header_font_size_tablet=\u00bb26px\u00bb header_font_size_phone=\u00bb20px\u00bb header_font_size_last_edited=\u00bbon|phone\u00bb header_2_font_size_tablet=\u00bb26px\u00bb header_2_font_size_phone=\u00bb26px\u00bb header_2_font_size_last_edited=\u00bbon|phone\u00bb text_orientation_phone=\u00bbleft\u00bb text_orientation_last_edited=\u00bboff|desktop\u00bb ul_orientation_phone=\u00bbleft\u00bb ul_orientation_last_edited=\u00bbon|phone\u00bb]<\/p>\n<ul>\n<li>Obligaciones de creaci\u00f3n y presentaci\u00f3n de informes ante la SEC y la ley federal de t\u00edtulos valores<\/li>\n<li style=\"margin-top:30px;\">Contratos comerciales, acuerdos de licencia y transacciones estrat\u00e9gicas<\/li>\n<li style=\"margin-top:30px;\">Funciones de gobernanza corporativa y secretariales, incluidas resoluciones de la junta directiva y de los accionistas, consentimientos, reuniones de directores, reuniones de accionistas y actas<\/li>\n<li style=\"margin-top:30px;\">Funcionarios y directores de asesoramiento sobre deberes fiduciarios y consideraciones estrat\u00e9gicas<\/li>\n<li style=\"margin-top:30px;\">Asuntos de empleo, lo que incluye contrataci\u00f3n, retenci\u00f3n, despido y manuales del empleado<\/li>\n<\/ul>\n<p>[\/et_pb_text][\/et_pb_column][et_pb_column type=\u00bb1_2&#8243; _builder_version=\u00bb4.7.7&#8243; _module_preset=\u00bbdefault\u00bb][et_pb_text content_tablet=\u00bb<\/p>\n<ul style=%22margin-top:-18px%22>\n<li>Problemas de cumplimiento con las leyes federales y estatales de EE.\u00a0UU., lo que incluye la obtenci\u00f3n de fallos innovadores de agencias como FinCEN, organismos bancarios y departamentos bancarios estatales para abordar cuestiones nuevas e importantes<\/li>\n<li style=%22margin-top:30px;%22>Pautas de la industria, como los matices de la C\u00e1mara de Compensaci\u00f3n Automatizada (ACH) y las normas de asociaci\u00f3n de tarjetas<\/li>\n<\/ul>\n<p>\u00bb content_phone=\u00bb<\/p>\n<ul style=%22margin-top:-18px%22>\n<li>Problemas de cumplimiento con las leyes federales y estatales de EE.\u00a0UU., lo que incluye la obtenci\u00f3n de fallos innovadores de agencias como FinCEN, organismos bancarios y departamentos bancarios estatales para abordar cuestiones nuevas e importantes<\/li>\n<li style=%22margin-top:30px;%22>Pautas de la industria, como los matices de la C\u00e1mara de Compensaci\u00f3n Automatizada (ACH) y las normas de asociaci\u00f3n de tarjetas<\/li>\n<\/ul>\n<p>\u00bb content_last_edited=\u00bbon|phone\u00bb _builder_version=\u00bb4.7.7&#8243; text_font=\u00bbBrandon Grotesque Regular||||||||\u00bb text_text_color=\u00bb#040707&#8243; text_font_size=\u00bb22px\u00bb text_line_height=\u00bb1.8em\u00bb ul_font=\u00bbBrandon Grotesque Regular||||||||\u00bb ul_text_color=\u00bb#040707&#8243; ul_font_size=\u00bb22px\u00bb ul_line_height=\u00bb1.8em\u00bb header_font=\u00bb|||on|||||\u00bb header_text_align=\u00bbcenter\u00bb header_text_color=\u00bb#4f5356&#8243; header_font_size=\u00bb36px\u00bb header_letter_spacing=\u00bb4px\u00bb header_line_height=\u00bb1.5em\u00bb header_2_font=\u00bb|||on|||||\u00bb header_2_font_size=\u00bb36px\u00bb header_2_letter_spacing=\u00bb3px\u00bb header_2_line_height=\u00bb1.5em\u00bb width=\u00bb100%\u00bb width_tablet=\u00bb100%\u00bb width_phone=\u00bb100%\u00bb width_last_edited=\u00bbon|phone\u00bb module_alignment=\u00bbcenter\u00bb custom_margin=\u00bb0px||0px||true|false\u00bb custom_margin_phone=\u00bb-36px||||false|false\u00bb custom_margin_last_edited=\u00bboff|desktop\u00bb custom_padding=\u00bb0px||0px||true|false\u00bb custom_padding_last_edited=\u00bboff|desktop\u00bb header_font_size_tablet=\u00bb26px\u00bb header_font_size_phone=\u00bb20px\u00bb header_font_size_last_edited=\u00bbon|phone\u00bb header_2_font_size_tablet=\u00bb26px\u00bb header_2_font_size_phone=\u00bb26px\u00bb header_2_font_size_last_edited=\u00bbon|phone\u00bb text_orientation_phone=\u00bbleft\u00bb text_orientation_last_edited=\u00bboff|desktop\u00bb ul_orientation_phone=\u00bbleft\u00bb ul_orientation_last_edited=\u00bbon|phone\u00bb]<\/p>\n<ul>\n<li>Compensaci\u00f3n ejecutiva, incluidas las opciones de compra de acciones y los acuerdos de acciones restringidas, as\u00ed como otras formas de compensaci\u00f3n de incentivos basada en acciones y no basada en acciones<\/li>\n<li style=\"margin-top:30px;\">Facilitaci\u00f3n del desarrollo comercial<\/li>\n<li style=\"margin-top:30px;\">Protecci\u00f3n de marcas comerciales, patentes y dem\u00e1s propiedad intelectual<\/li>\n<li style=\"margin-top:30px;\">Litigios, arbitraje y gesti\u00f3n de riesgos<\/li>\n<li style=\"margin-top:30px;\">Arrendamiento comercial<\/li>\n<\/ul>\n<p>[\/et_pb_text][\/et_pb_column][\/et_pb_row][et_pb_row _builder_version=\u00bb4.7.7&#8243; _module_preset=\u00bbdefault\u00bb custom_margin=\u00bb||||false|true\u00bb custom_padding=\u00bb30px||0px||false|false\u00bb][et_pb_column type=\u00bb4_4&#8243; _builder_version=\u00bb4.7.7&#8243; _module_preset=\u00bbdefault\u00bb][et_pb_text _builder_version=\u00bb4.7.7&#8243; text_font=\u00bbBrandon Grotesque Regular||||||||\u00bb text_text_color=\u00bb#040707&#8243; text_font_size=\u00bb22px\u00bb text_line_height=\u00bb1.8em\u00bb header_font=\u00bb|||on|||||\u00bb header_text_align=\u00bbcenter\u00bb header_text_color=\u00bb#4f5356&#8243; header_font_size=\u00bb36px\u00bb header_letter_spacing=\u00bb4px\u00bb header_line_height=\u00bb1.5em\u00bb header_2_font=\u00bb|||on|||||\u00bb header_2_font_size=\u00bb36px\u00bb header_2_letter_spacing=\u00bb3px\u00bb header_2_line_height=\u00bb1.5em\u00bb width=\u00bb99%\u00bb width_tablet=\u00bb100%\u00bb width_phone=\u00bb100%\u00bb width_last_edited=\u00bbon|tablet\u00bb custom_margin=\u00bb-20px||||false|false\u00bb custom_margin_phone=\u00bb-36px||||false|false\u00bb custom_margin_last_edited=\u00bboff|desktop\u00bb custom_padding=\u00bb0px|||||\u00bb custom_padding_tablet=\u00bb\u00bb custom_padding_phone=\u00bb\u00bb custom_padding_last_edited=\u00bbon|desktop\u00bb header_font_size_tablet=\u00bb26px\u00bb header_font_size_phone=\u00bb20px\u00bb header_font_size_last_edited=\u00bbon|phone\u00bb header_2_font_size_tablet=\u00bb26px\u00bb header_2_font_size_phone=\u00bb26px\u00bb header_2_font_size_last_edited=\u00bbon|phone\u00bb text_orientation_tablet=\u00bb\u00bb text_orientation_phone=\u00bbleft\u00bb text_orientation_last_edited=\u00bbon|phone\u00bb]Nuestros abogados tienen una amplia gama de conocimientos y experiencia legales y una rica experiencia comercial que hacen del bufete un proveedor ideal de servicios de asesor general externo. Varios de nuestros abogados ocuparon puestos de asesor general en empresas p\u00fablicas y privadas antes de unirse a Busch Mills.<\/p>\n<p>Al igual que cualquier asesor interno experto, trabajamos con cada cliente para comprender su modelo de negocio y su industria a fin de proporcionar un servicio personalizado que se adapte a sus necesidades particulares de asuntos comerciales. Proporcionamos una respuesta r\u00e1pida, ya sea de manera interna o externa, para abordar los requisitos legales de nuestros clientes en tiempo real de la manera m\u00e1s eficiente y rentable posible.<\/p>\n<p>Cada cliente tiene un abogado asignado como asesor general externo. Ese abogado es responsable de supervisar y coordinar la representaci\u00f3n legal del cliente, mientras se convierte en experto en el negocio del cliente para brindar un mejor servicio y contribuir a su \u00e9xito.<\/p>\n<p>Debido a que sabemos que es crucial para muchos clientes, y dado nuestro protocolo de personal y estructura de recargo, Busch Mills puede ofrecer estos servicios de asesor general externo a un precio asequible. Exclusivamente, ofrecemos a los clientes enfoques creativos y flexibles para la facturaci\u00f3n, como anticipos mensuales, tarifas fijas de proyectos o una combinaci\u00f3n de estos enfoques con la facturaci\u00f3n tradicional por hora.[\/et_pb_text][\/et_pb_column][\/et_pb_row][\/et_pb_section][et_pb_section fb_built=\u00bb1&#8243; custom_padding_last_edited=\u00bbon|phone\u00bb _builder_version=\u00bb4.7.7&#8243; background_color=\u00bb#3684da\u00bb custom_padding=\u00bb80px||110px||false|false\u00bb custom_padding_tablet=\u00bb60px||30px||false|false\u00bb custom_padding_phone=\u00bb\u00bb global_module=\u00bb1233&#8243; saved_tabs=\u00bball\u00bb][et_pb_row _builder_version=\u00bb4.7.7&#8243; custom_margin=\u00bb0px||||false|false\u00bb custom_margin_tablet=\u00bb0px||||false|false\u00bb custom_margin_phone=\u00bb\u00bb custom_margin_last_edited=\u00bbon|desktop\u00bb custom_padding=\u00bb0px||0px|||\u00bb][et_pb_column type=\u00bb4_4&#8243; _builder_version=\u00bb4.7.7&#8243;][et_pb_text _builder_version=\u00bb4.8.1&#8243; text_font=\u00bbBrandon Grotesque Regular||||||||\u00bb text_text_color=\u00bb#ffffff\u00bb text_font_size=\u00bb22px\u00bb text_line_height=\u00bb1.8em\u00bb header_font=\u00bb|||on|||||\u00bb header_text_align=\u00bbcenter\u00bb header_text_color=\u00bb#4f5356&#8243; header_font_size=\u00bb36px\u00bb header_letter_spacing=\u00bb4px\u00bb header_line_height=\u00bb1.5em\u00bb header_2_font=\u00bbFutura Medium|600||on|||||\u00bb header_2_text_align=\u00bbcenter\u00bb header_2_text_color=\u00bb#ffffff\u00bb header_2_font_size=\u00bb36px\u00bb header_2_letter_spacing=\u00bb4px\u00bb header_2_line_height=\u00bb1.5em\u00bb z_index=\u00bb500&#8243; text_orientation=\u00bbright\u00bb width=\u00bb100%\u00bb width_tablet=\u00bb100%\u00bb width_phone=\u00bb100%\u00bb width_last_edited=\u00bboff|desktop\u00bb custom_margin=\u00bb||||false|false\u00bb custom_margin_tablet=\u00bb\u00bb custom_margin_phone=\u00bb||||false|false\u00bb custom_margin_last_edited=\u00bbon|phone\u00bb custom_padding=\u00bb0px||30px||false|false\u00bb custom_padding_tablet=\u00bb\u00bb custom_padding_phone=\u00bb\u00bb custom_padding_last_edited=\u00bbon|phone\u00bb animation_style=\u00bbfade\u00bb header_font_size_tablet=\u00bb26px\u00bb header_font_size_phone=\u00bb20px\u00bb header_font_size_last_edited=\u00bbon|phone\u00bb header_2_font_size_tablet=\u00bb26px\u00bb header_2_font_size_phone=\u00bb26px\u00bb header_2_font_size_last_edited=\u00bbon|desktop\u00bb text_orientation_tablet=\u00bb\u00bb text_orientation_phone=\u00bbleft\u00bb text_orientation_last_edited=\u00bbon|phone\u00bb width__hover_enabled=\u00bboff|desktop\u00bb]<\/p>\n<h2>Novedades<\/h2>\n<p>[\/et_pb_text][\/et_pb_column][\/et_pb_row][et_pb_row _builder_version=\u00bb4.8.1&#8243; custom_margin=\u00bb||||false|false\u00bb custom_padding=\u00bb0px||0px|||\u00bb animation_style=\u00bbflip\u00bb animation_direction=\u00bbtop\u00bb][et_pb_column type=\u00bb4_4&#8243; _builder_version=\u00bb4.0.11&#8243;][et_pb_blog fullwidth=\u00bboff\u00bb posts_number=\u00bb3&#8243; show_thumbnail=\u00bboff\u00bb excerpt_length=\u00bb100&#8243; show_more=\u00bbon\u00bb show_author=\u00bboff\u00bb show_date=\u00bboff\u00bb show_categories=\u00bboff\u00bb show_pagination=\u00bboff\u00bb masonry_tile_background_color=\u00bbrgba(0,0,0,0)\u00bb _builder_version=\u00bb4.7.7&#8243; header_font=\u00bbFutura Medium|600||on|||||\u00bb header_text_align=\u00bbcenter\u00bb header_text_color=\u00bb#ffffff\u00bb header_font_size=\u00bb13px\u00bb header_letter_spacing=\u00bb2px\u00bb header_line_height=\u00bb1.9em\u00bb body_font=\u00bbBrandon Grotesque Regular||||||||\u00bb body_text_color=\u00bb#ffffff\u00bb body_font_size=\u00bb16px\u00bb body_line_height=\u00bb2em\u00bb meta_font=\u00bb|||on|||||\u00bb meta_text_color=\u00bb#87977d\u00bb read_more_font=\u00bbBrandon Grotesque Medium|||on|||||\u00bb read_more_text_color=\u00bb#5fd675&#8243; read_more_letter_spacing=\u00bb1px\u00bb read_more_line_height=\u00bb1.8em\u00bb pagination_font=\u00bb|||on|||||\u00bb pagination_text_color=\u00bb#87977D\u00bb pagination_font_size=\u00bb16px\u00bb pagination_letter_spacing=\u00bb1px\u00bb custom_margin=\u00bb||||false|false\u00bb custom_padding=\u00bb||||false|false\u00bb header_text_align_tablet=\u00bbleft\u00bb header_text_align_phone=\u00bb\u00bb header_text_align_last_edited=\u00bbon|phone\u00bb header_font_size_phone=\u00bb20px\u00bb header_font_size_last_edited=\u00bboff|desktop\u00bb custom_css_title=\u00bbheight: 120px!important;\u00bb custom_css_content=\u00bbcolor:#fff!important\u00bb custom_css_read_more=\u00bbborder-bottom: 2px solid #60D675;||padding-bottom:5px;||margin-top: 30px!important;||position:absolute;||margin:auto;||top:275px;\u00bb border_width_all=\u00bb0px\u00bb custom_css_title_last_edited=\u00bbon|desktop\u00bb custom_css_title_phone=\u00bbheight: auto;\u00bb custom_css_title_tablet=\u00bbheight: auto;\u00bb custom_css_read_more_last_edited=\u00bbon|desktop\u00bb custom_css_read_more_tablet=\u00bbborder-bottom: 2px solid #60D675;||padding-bottom:5px;||margin-top: 30px!important;||position:default;\u00bb][\/et_pb_blog][\/et_pb_column][\/et_pb_row][\/et_pb_section]<\/p>\n","protected":false},"excerpt":{"rendered":"<p>Asesor generalCONT\u00c1CTENOS Muchas empresas, desde empresas emergentes hasta grandes empresas, no cuentan con asesoramiento interno por motivos de costo, filosof\u00eda o transici\u00f3n. Adem\u00e1s, algunos abogados internos no tienen el tiempo o, en algunos casos, tampoco la experiencia para manejar ciertos asuntos y, por lo tanto, requieren apoyo legal externo. Por estos motivos, Busch Mills ha [&hellip;]<\/p>\n","protected":false},"author":1,"featured_media":0,"parent":0,"menu_order":0,"comment_status":"closed","ping_status":"closed","template":"","meta":{"_et_pb_use_builder":"on","_et_pb_old_content":"","_et_gb_content_width":"","footnotes":""},"class_list":["post-1678","page","type-page","status-publish","hentry"],"yoast_head":"<!-- This site is optimized with the Yoast SEO plugin v24.5 - https:\/\/yoast.com\/wordpress\/plugins\/seo\/ -->\n<title>Asesor general - Busch Mills &amp; Slomka, LLP<\/title>\n<meta name=\"robots\" content=\"index, follow, max-snippet:-1, max-image-preview:large, max-video-preview:-1\" \/>\n<link rel=\"canonical\" href=\"https:\/\/buschmills.com\/es\/asesor-general\/\" \/>\n<meta property=\"og:locale\" content=\"es_ES\" \/>\n<meta property=\"og:type\" content=\"article\" \/>\n<meta property=\"og:title\" content=\"Asesor general - Busch Mills &amp; Slomka, LLP\" \/>\n<meta property=\"og:description\" content=\"Asesor generalCONT\u00c1CTENOS Muchas empresas, desde empresas emergentes hasta grandes empresas, no cuentan con asesoramiento interno por motivos de costo, filosof\u00eda o transici\u00f3n. Adem\u00e1s, algunos abogados internos no tienen el tiempo o, en algunos casos, tampoco la experiencia para manejar ciertos asuntos y, por lo tanto, requieren apoyo legal externo. Por estos motivos, Busch Mills ha [&hellip;]\" \/>\n<meta property=\"og:url\" content=\"https:\/\/buschmills.com\/es\/asesor-general\/\" \/>\n<meta property=\"og:site_name\" content=\"Busch Mills &amp; Slomka, LLP\" \/>\n<meta property=\"article:modified_time\" content=\"2023-06-21T12:40:15+00:00\" \/>\n<meta name=\"twitter:card\" content=\"summary_large_image\" \/>\n<meta name=\"twitter:label1\" content=\"Tiempo de lectura\" \/>\n\t<meta name=\"twitter:data1\" content=\"12 minutos\" \/>\n<script type=\"application\/ld+json\" class=\"yoast-schema-graph\">{\"@context\":\"https:\/\/schema.org\",\"@graph\":[{\"@type\":\"WebPage\",\"@id\":\"https:\/\/buschmills.com\/es\/asesor-general\/\",\"url\":\"https:\/\/buschmills.com\/es\/asesor-general\/\",\"name\":\"Asesor general - Busch Mills &amp; Slomka, LLP\",\"isPartOf\":{\"@id\":\"https:\/\/buschmills.com\/#website\"},\"datePublished\":\"2019-11-28T19:28:38+00:00\",\"dateModified\":\"2023-06-21T12:40:15+00:00\",\"breadcrumb\":{\"@id\":\"https:\/\/buschmills.com\/es\/asesor-general\/#breadcrumb\"},\"inLanguage\":\"es\",\"potentialAction\":[{\"@type\":\"ReadAction\",\"target\":[\"https:\/\/buschmills.com\/es\/asesor-general\/\"]}]},{\"@type\":\"BreadcrumbList\",\"@id\":\"https:\/\/buschmills.com\/es\/asesor-general\/#breadcrumb\",\"itemListElement\":[{\"@type\":\"ListItem\",\"position\":1,\"name\":\"Home\",\"item\":\"https:\/\/buschmills.com\/\"},{\"@type\":\"ListItem\",\"position\":2,\"name\":\"Asesor general\"}]},{\"@type\":\"WebSite\",\"@id\":\"https:\/\/buschmills.com\/#website\",\"url\":\"https:\/\/buschmills.com\/\",\"name\":\"Busch Mills &amp; Slomka, LLP\",\"description\":\"Law Firm\",\"potentialAction\":[{\"@type\":\"SearchAction\",\"target\":{\"@type\":\"EntryPoint\",\"urlTemplate\":\"https:\/\/buschmills.com\/?s={search_term_string}\"},\"query-input\":{\"@type\":\"PropertyValueSpecification\",\"valueRequired\":true,\"valueName\":\"search_term_string\"}}],\"inLanguage\":\"es\"}]}<\/script>\n<!-- \/ Yoast SEO plugin. -->","yoast_head_json":{"title":"Asesor general - Busch Mills &amp; Slomka, LLP","robots":{"index":"index","follow":"follow","max-snippet":"max-snippet:-1","max-image-preview":"max-image-preview:large","max-video-preview":"max-video-preview:-1"},"canonical":"https:\/\/buschmills.com\/es\/asesor-general\/","og_locale":"es_ES","og_type":"article","og_title":"Asesor general - Busch Mills &amp; Slomka, LLP","og_description":"Asesor generalCONT\u00c1CTENOS Muchas empresas, desde empresas emergentes hasta grandes empresas, no cuentan con asesoramiento interno por motivos de costo, filosof\u00eda o transici\u00f3n. Adem\u00e1s, algunos abogados internos no tienen el tiempo o, en algunos casos, tampoco la experiencia para manejar ciertos asuntos y, por lo tanto, requieren apoyo legal externo. Por estos motivos, Busch Mills ha [&hellip;]","og_url":"https:\/\/buschmills.com\/es\/asesor-general\/","og_site_name":"Busch Mills &amp; Slomka, LLP","article_modified_time":"2023-06-21T12:40:15+00:00","twitter_card":"summary_large_image","twitter_misc":{"Tiempo de lectura":"12 minutos"},"schema":{"@context":"https:\/\/schema.org","@graph":[{"@type":"WebPage","@id":"https:\/\/buschmills.com\/es\/asesor-general\/","url":"https:\/\/buschmills.com\/es\/asesor-general\/","name":"Asesor general - Busch Mills &amp; Slomka, LLP","isPartOf":{"@id":"https:\/\/buschmills.com\/#website"},"datePublished":"2019-11-28T19:28:38+00:00","dateModified":"2023-06-21T12:40:15+00:00","breadcrumb":{"@id":"https:\/\/buschmills.com\/es\/asesor-general\/#breadcrumb"},"inLanguage":"es","potentialAction":[{"@type":"ReadAction","target":["https:\/\/buschmills.com\/es\/asesor-general\/"]}]},{"@type":"BreadcrumbList","@id":"https:\/\/buschmills.com\/es\/asesor-general\/#breadcrumb","itemListElement":[{"@type":"ListItem","position":1,"name":"Home","item":"https:\/\/buschmills.com\/"},{"@type":"ListItem","position":2,"name":"Asesor general"}]},{"@type":"WebSite","@id":"https:\/\/buschmills.com\/#website","url":"https:\/\/buschmills.com\/","name":"Busch Mills &amp; Slomka, LLP","description":"Law Firm","potentialAction":[{"@type":"SearchAction","target":{"@type":"EntryPoint","urlTemplate":"https:\/\/buschmills.com\/?s={search_term_string}"},"query-input":{"@type":"PropertyValueSpecification","valueRequired":true,"valueName":"search_term_string"}}],"inLanguage":"es"}]}},"_links":{"self":[{"href":"https:\/\/buschmills.com\/es\/wp-json\/wp\/v2\/pages\/1678","targetHints":{"allow":["GET"]}}],"collection":[{"href":"https:\/\/buschmills.com\/es\/wp-json\/wp\/v2\/pages"}],"about":[{"href":"https:\/\/buschmills.com\/es\/wp-json\/wp\/v2\/types\/page"}],"author":[{"embeddable":true,"href":"https:\/\/buschmills.com\/es\/wp-json\/wp\/v2\/users\/1"}],"replies":[{"embeddable":true,"href":"https:\/\/buschmills.com\/es\/wp-json\/wp\/v2\/comments?post=1678"}],"version-history":[{"count":0,"href":"https:\/\/buschmills.com\/es\/wp-json\/wp\/v2\/pages\/1678\/revisions"}],"wp:attachment":[{"href":"https:\/\/buschmills.com\/es\/wp-json\/wp\/v2\/media?parent=1678"}],"curies":[{"name":"wp","href":"https:\/\/api.w.org\/{rel}","templated":true}]}}