{"id":1681,"date":"2019-11-28T19:27:23","date_gmt":"2019-11-28T19:27:23","guid":{"rendered":"https:\/\/buschmills.com\/litigios-y-resolucion-de-disputas\/"},"modified":"2023-06-21T12:40:13","modified_gmt":"2023-06-21T12:40:13","slug":"litigios-y-resolucion-de-disputas","status":"publish","type":"page","link":"https:\/\/buschmills.com\/es\/litigios-y-resolucion-de-disputas\/","title":{"rendered":"Litigios y resoluci\u00f3n de disputas"},"content":{"rendered":"<p>[et_pb_section fb_built=\u00bb1&#8243; custom_padding_last_edited=\u00bboff|desktop\u00bb _builder_version=\u00bb4.7.7&#8243; _module_preset=\u00bbdefault\u00bb background_color=\u00bb#3684da\u00bb background_enable_image=\u00bboff\u00bb transform_translate_linked=\u00bboff\u00bb custom_margin=\u00bb-185px||||false|false\u00bb custom_padding=\u00bb260px||75px||false|false\u00bb custom_padding_tablet=\u00bb260px||||false|false\u00bb][et_pb_row _builder_version=\u00bb4.7.7&#8243; _module_preset=\u00bbdefault\u00bb custom_padding=\u00bb0px||0px||true|false\u00bb][et_pb_column type=\u00bb4_4&#8243; _builder_version=\u00bb4.7.7&#8243; _module_preset=\u00bbdefault\u00bb][et_pb_text _builder_version=\u00bb4.8.1&#8243; text_text_color=\u00bb#4f5356&#8243; text_font_size=\u00bb20px\u00bb text_line_height=\u00bb1.8em\u00bb header_font=\u00bbFutura Medium|500||on|||||\u00bb header_text_align=\u00bbleft\u00bb header_text_color=\u00bb#ffffff\u00bb header_font_size=\u00bb48px\u00bb header_letter_spacing=\u00bb4px\u00bb header_line_height=\u00bb1.5em\u00bb width=\u00bb105%\u00bb max_width_tablet=\u00bb100%\u00bb max_width_last_edited=\u00bboff|desktop\u00bb custom_margin=\u00bb||||false|false\u00bb custom_padding=\u00bb0px|||||\u00bb hover_enabled=\u00bb0&#8243; header_text_align_tablet=\u00bbcenter\u00bb header_text_align_last_edited=\u00bboff|desktop\u00bb header_font_size_tablet=\u00bb26px\u00bb header_font_size_phone=\u00bb26px\u00bb header_font_size_last_edited=\u00bbon|phone\u00bb animation_style=\u00bbfade\u00bb sticky_enabled=\u00bb0&#8243;]<\/p>\n<h1>Litigios y resoluci\u00f3n de disputas<br \/>\n<\/h1>\n<p>[\/et_pb_text][et_pb_text _builder_version=\u00bb4.8.1&#8243; text_text_color=\u00bb#4f5356&#8243; text_font_size=\u00bb20px\u00bb text_line_height=\u00bb1.8em\u00bb link_font=\u00bbBrandon Grotesque Medium|600|||||||\u00bb link_text_color=\u00bb#5fd675&#8243; link_font_size=\u00bb24px\u00bb link_letter_spacing=\u00bb3px\u00bb link_line_height=\u00bb1.2em\u00bb header_font=\u00bbFutura Medium|||on|||||\u00bb header_text_align=\u00bbleft\u00bb header_text_color=\u00bb#ffffff\u00bb header_font_size=\u00bb48px\u00bb header_letter_spacing=\u00bb4px\u00bb header_line_height=\u00bb1.5em\u00bb header_2_font=\u00bbBrandon Grotesque Regular|600|||||||\u00bb header_2_text_color=\u00bb#5fd675&#8243; header_2_font_size=\u00bb24px\u00bb header_2_letter_spacing=\u00bb2px\u00bb max_width_tablet=\u00bb100%\u00bb max_width_phone=\u00bb\u00bb max_width_last_edited=\u00bbon|desktop\u00bb custom_margin=\u00bb25px||||false|false\u00bb custom_margin_tablet=\u00bb100px||||false|false\u00bb custom_margin_last_edited=\u00bboff|desktop\u00bb custom_padding=\u00bb0px|||||\u00bb hover_enabled=\u00bb0&#8243; link_line_height_tablet=\u00bb\u00bb link_line_height_phone=\u00bb\u00bb link_line_height_last_edited=\u00bbon|phone\u00bb header_text_align_tablet=\u00bbcenter\u00bb header_text_align_last_edited=\u00bboff|desktop\u00bb header_font_size_tablet=\u00bb26px\u00bb header_font_size_phone=\u00bb26px\u00bb header_font_size_last_edited=\u00bbon|phone\u00bb header_text_shadow_style=\u00bbpreset3&#8243; animation_style=\u00bbslide\u00bb animation_direction=\u00bbbottom\u00bb sticky_enabled=\u00bb0&#8243;]<a href=\"\/contact\/\"><span style=\"border-bottom: 3px solid; padding-bottom: 15px;\">CONT\u00c1CTENOS <\/span><\/a>[\/et_pb_text][\/et_pb_column][\/et_pb_row][\/et_pb_section][et_pb_section fb_built=\u00bb1&#8243; custom_padding_last_edited=\u00bbon|phone\u00bb _builder_version=\u00bb4.7.7&#8243; custom_margin=\u00bb||||false|false\u00bb custom_padding=\u00bb80px||80px||true|false\u00bb custom_padding_tablet=\u00bb60px||60px||true|false\u00bb custom_padding_phone=\u00bb60px||60px||true|false\u00bb][et_pb_row module_class=\u00bbmainHeading\u00bb _builder_version=\u00bb4.7.7&#8243; custom_margin=\u00bb|auto||auto|false|false\u00bb custom_margin_tablet=\u00bb|||auto|false|false\u00bb custom_margin_phone=\u00bb|auto||auto|false|false\u00bb custom_margin_last_edited=\u00bbon|desktop\u00bb custom_padding=\u00bb0px||0px||true|\u00bb][et_pb_column type=\u00bb4_4&#8243; _builder_version=\u00bb4.0.6&#8243;][et_pb_text _builder_version=\u00bb4.7.7&#8243; text_font=\u00bbBrandon Grotesque Regular||||||||\u00bb text_text_color=\u00bb#040707&#8243; text_font_size=\u00bb22px\u00bb text_line_height=\u00bb1.8em\u00bb header_font=\u00bb|||on|||||\u00bb header_text_align=\u00bbcenter\u00bb header_text_color=\u00bb#4f5356&#8243; header_font_size=\u00bb36px\u00bb header_letter_spacing=\u00bb4px\u00bb header_line_height=\u00bb1.5em\u00bb header_2_font=\u00bb|||on|||||\u00bb header_2_font_size=\u00bb36px\u00bb header_2_letter_spacing=\u00bb3px\u00bb header_2_line_height=\u00bb1.5em\u00bb width=\u00bb100%\u00bb width_tablet=\u00bb100%\u00bb width_phone=\u00bb100%\u00bb width_last_edited=\u00bbon|phone\u00bb module_alignment=\u00bbcenter\u00bb custom_margin=\u00bb||||false|false\u00bb custom_margin_phone=\u00bb-36px||||false|false\u00bb custom_margin_last_edited=\u00bboff|desktop\u00bb custom_padding=\u00bb0px|||||\u00bb custom_padding_last_edited=\u00bboff|desktop\u00bb header_font_size_tablet=\u00bb26px\u00bb header_font_size_phone=\u00bb20px\u00bb header_font_size_last_edited=\u00bbon|phone\u00bb header_2_font_size_tablet=\u00bb26px\u00bb header_2_font_size_phone=\u00bb26px\u00bb header_2_font_size_last_edited=\u00bbon|phone\u00bb text_orientation_tablet=\u00bb\u00bb text_orientation_phone=\u00bbleft\u00bb text_orientation_last_edited=\u00bbon|phone\u00bb]El equipo de Litigios de Busch Mills est\u00e1 compuesto por abogados litigantes experimentados altamente expertos en navegar por la complejidad, la incertidumbre y los riesgos inherentes involucrados en litigar disputas a trav\u00e9s de procedimientos judiciales formales o m\u00e9todos alternativos de resoluci\u00f3n de disputas.  Nuestros abogados trabajan directamente con nuestros clientes de litigios en el an\u00e1lisis de riesgos, la estimaci\u00f3n de costos y la exposici\u00f3n limitadora antes de implementar una estrategia de litigio que se ajuste a los resultados previstos. Ya sea que inicie una nueva acci\u00f3n legal o se defienda contra reclamaciones existentes, nuestro equipo de litigios tiene la experiencia y el historial de \u00e9xito comprobado para proteger sus intereses desde la disputa inicial hasta el juicio.<\/p>\n<p>El objetivo de litigar reclamaciones para nuestros servicios financieros y clientes comerciales es maximizar el rendimiento y, al mismo tiempo, minimizar los costos, los riesgos y la exposici\u00f3n a contrademandas.  El equipo de litigios cuenta con amplia experiencia en la preparaci\u00f3n de demandas est\u00e1ndar y acciones de deficiencia despu\u00e9s de la confirmaci\u00f3n, incautaci\u00f3n de bienes personales a trav\u00e9s de ejecuciones hipotecarias u \u00f3rdenes judiciales de posesi\u00f3n, evaluaci\u00f3n de intereses de seguridad en virtud del C\u00f3digo Comercial Uniforme (Uniform Commercial Code, UCC), acciones de administraci\u00f3n judicial de ingenier\u00eda para la ejecuci\u00f3n de activos, forzando la contabilidad de ingresos y ganancias de pr\u00e9stamos, cobrando sentencias a trav\u00e9s de embargos e incautaciones, y aprovechando las demandas en sentencias acordadas.<\/p>\n<p>Nuestra experiencia nos permite representar con \u00e9xito a empresas e individuos en varias \u00e1reas diferentes, incluso en \u00f3rdenes de restricci\u00f3n.  Representamos a los demandados y en tribunales de apelaciones, estatales y federales que involucran una variedad de asuntos como:[\/et_pb_text][\/et_pb_column][\/et_pb_row][et_pb_row column_structure=\u00bb1_2,1_2&#8243; _builder_version=\u00bb4.7.7&#8243; _module_preset=\u00bbdefault\u00bb custom_margin=\u00bb||||false|true\u00bb custom_padding=\u00bb30px||0px||false|false\u00bb][et_pb_column type=\u00bb1_2&#8243; _builder_version=\u00bb4.7.7&#8243; _module_preset=\u00bbdefault\u00bb][et_pb_text _builder_version=\u00bb4.7.7&#8243; text_font=\u00bbBrandon Grotesque Regular||||||||\u00bb text_text_color=\u00bb#040707&#8243; text_font_size=\u00bb22px\u00bb text_line_height=\u00bb1.8em\u00bb ul_font=\u00bbBrandon Grotesque Regular||||||||\u00bb ul_text_color=\u00bb#040707&#8243; ul_font_size=\u00bb22px\u00bb ul_line_height=\u00bb1.8em\u00bb header_font=\u00bb|||on|||||\u00bb header_text_align=\u00bbcenter\u00bb header_text_color=\u00bb#4f5356&#8243; header_font_size=\u00bb36px\u00bb header_letter_spacing=\u00bb4px\u00bb header_line_height=\u00bb1.5em\u00bb header_2_font=\u00bb|||on|||||\u00bb header_2_font_size=\u00bb36px\u00bb header_2_letter_spacing=\u00bb3px\u00bb header_2_line_height=\u00bb1.5em\u00bb width=\u00bb100%\u00bb width_tablet=\u00bb100%\u00bb width_phone=\u00bb100%\u00bb width_last_edited=\u00bbon|phone\u00bb module_alignment=\u00bbcenter\u00bb custom_margin=\u00bb0px||0px||true|false\u00bb custom_margin_phone=\u00bb-36px||||false|false\u00bb custom_margin_last_edited=\u00bboff|desktop\u00bb custom_padding=\u00bb0px||0px||true|false\u00bb custom_padding_last_edited=\u00bboff|desktop\u00bb header_font_size_tablet=\u00bb26px\u00bb header_font_size_phone=\u00bb20px\u00bb header_font_size_last_edited=\u00bbon|phone\u00bb header_2_font_size_tablet=\u00bb26px\u00bb header_2_font_size_phone=\u00bb26px\u00bb header_2_font_size_last_edited=\u00bbon|phone\u00bb text_orientation_phone=\u00bbleft\u00bb text_orientation_last_edited=\u00bboff|desktop\u00bb ul_orientation_phone=\u00bbleft\u00bb ul_orientation_last_edited=\u00bbon|phone\u00bb]<\/p>\n<ul class=\"ul1\">\n<li>Disputas de contratos comerciales y empresariales<\/li>\n<li style=\"margin-top:30px\">Demandas por pagar\u00e9s, garant\u00edas u otros instrumentos de deuda<\/li>\n<li style=\"margin-top:30px\">Protecci\u00f3n de inversiones, demandas de derivados de accionistas y acciones de valores<\/li>\n<li style=\"margin-top:30px\">Agravios comerciales (fraude, deber fiduciario, interferencia il\u00edcita, competencia desleal)<\/li>\n<li style=\"margin-top:30px\">Reclamaciones y recuperaciones de seguros<\/li>\n<\/ul>\n<p>[\/et_pb_text][\/et_pb_column][et_pb_column type=\u00bb1_2&#8243; _builder_version=\u00bb4.7.7&#8243; _module_preset=\u00bbdefault\u00bb][et_pb_text content_tablet=\u00bb<\/p>\n<ul style=%22margin-top:-18px%22>\n<li>Disputas de empleo y no competencia<\/li>\n<li style=%22margin-top:30px;%22>Disputas de propiedad intelectual y tecnolog\u00eda<\/li>\n<li style=%22margin-top:30px;%22>Acciones de cobro<\/li>\n<li style=%22margin-top:30px;%22>Litigios inmobiliarios<\/li>\n<li style=%22margin-top:30px;%22>Lesiones personales por cat\u00e1strofes<\/li>\n<li style=%22margin-top:30px;%22>Abuso y negligencia en detenidos<\/li>\n<\/ul>\n<p>\u00bb content_phone=\u00bb<\/p>\n<ul style=%22margin-top:-18px%22>\n<li>Disputas de empleo y no competencia<\/li>\n<li style=%22margin-top:30px;%22>Disputas de propiedad intelectual y tecnolog\u00eda<\/li>\n<li style=%22margin-top:30px;%22>Acciones de cobro<\/li>\n<li style=%22margin-top:30px;%22>Litigios inmobiliarios<\/li>\n<li style=%22margin-top:30px;%22>Lesiones personales por cat\u00e1strofes<\/li>\n<li style=%22margin-top:30px;%22>Abuso y negligencia en detenidos<\/li>\n<\/ul>\n<p>\u00bb content_last_edited=\u00bbon|phone\u00bb _builder_version=\u00bb4.7.7&#8243; text_font=\u00bbBrandon Grotesque Regular||||||||\u00bb text_text_color=\u00bb#040707&#8243; text_font_size=\u00bb22px\u00bb text_line_height=\u00bb1.8em\u00bb ul_font=\u00bbBrandon Grotesque Regular||||||||\u00bb ul_text_color=\u00bb#040707&#8243; ul_font_size=\u00bb22px\u00bb ul_line_height=\u00bb1.8em\u00bb header_font=\u00bb|||on|||||\u00bb header_text_align=\u00bbcenter\u00bb header_text_color=\u00bb#4f5356&#8243; header_font_size=\u00bb36px\u00bb header_letter_spacing=\u00bb4px\u00bb header_line_height=\u00bb1.5em\u00bb header_2_font=\u00bb|||on|||||\u00bb header_2_font_size=\u00bb36px\u00bb header_2_letter_spacing=\u00bb3px\u00bb header_2_line_height=\u00bb1.5em\u00bb width=\u00bb100%\u00bb width_tablet=\u00bb100%\u00bb width_phone=\u00bb100%\u00bb width_last_edited=\u00bbon|phone\u00bb module_alignment=\u00bbcenter\u00bb custom_margin=\u00bb0px||0px||true|false\u00bb custom_margin_phone=\u00bb-36px||||false|false\u00bb custom_margin_last_edited=\u00bboff|desktop\u00bb custom_padding=\u00bb0px||0px||true|false\u00bb custom_padding_last_edited=\u00bboff|desktop\u00bb header_font_size_tablet=\u00bb26px\u00bb header_font_size_phone=\u00bb20px\u00bb header_font_size_last_edited=\u00bbon|phone\u00bb header_2_font_size_tablet=\u00bb26px\u00bb header_2_font_size_phone=\u00bb26px\u00bb header_2_font_size_last_edited=\u00bbon|phone\u00bb text_orientation_phone=\u00bbleft\u00bb text_orientation_last_edited=\u00bboff|desktop\u00bb ul_orientation_phone=\u00bbleft\u00bb ul_orientation_last_edited=\u00bbon|phone\u00bb]<\/p>\n<ul>\n<li>Disputas de empleo y no competencia<\/li>\n<li style=\"margin-top:30px;\">Disputas de propiedad intelectual y tecnolog\u00eda<\/li>\n<li style=\"margin-top:30px;\">Acciones de cobro<\/li>\n<li style=\"margin-top:30px;\">Litigios inmobiliarios<\/li>\n<li style=\"margin-top:30px;\">Lesiones personales por cat\u00e1strofes<\/li>\n<li style=\"margin-top:30px;\">Abuso y negligencia en detenidos<\/li>\n<\/ul>\n<p>[\/et_pb_text][\/et_pb_column][\/et_pb_row][\/et_pb_section][et_pb_section fb_built=\u00bb1&#8243; custom_padding_last_edited=\u00bbon|phone\u00bb _builder_version=\u00bb4.7.7&#8243; background_color=\u00bb#3684da\u00bb custom_padding=\u00bb80px||110px||false|false\u00bb custom_padding_tablet=\u00bb60px||30px||false|false\u00bb custom_padding_phone=\u00bb\u00bb global_module=\u00bb1233&#8243; saved_tabs=\u00bball\u00bb][et_pb_row _builder_version=\u00bb4.7.7&#8243; custom_margin=\u00bb0px||||false|false\u00bb custom_margin_tablet=\u00bb0px||||false|false\u00bb custom_margin_phone=\u00bb\u00bb custom_margin_last_edited=\u00bbon|desktop\u00bb custom_padding=\u00bb0px||0px|||\u00bb][et_pb_column type=\u00bb4_4&#8243; _builder_version=\u00bb4.7.7&#8243;][et_pb_text _builder_version=\u00bb4.8.1&#8243; text_font=\u00bbBrandon Grotesque Regular||||||||\u00bb text_text_color=\u00bb#ffffff\u00bb text_font_size=\u00bb22px\u00bb text_line_height=\u00bb1.8em\u00bb header_font=\u00bb|||on|||||\u00bb header_text_align=\u00bbcenter\u00bb header_text_color=\u00bb#4f5356&#8243; header_font_size=\u00bb36px\u00bb header_letter_spacing=\u00bb4px\u00bb header_line_height=\u00bb1.5em\u00bb header_2_font=\u00bbFutura Medium|600||on|||||\u00bb header_2_text_align=\u00bbcenter\u00bb header_2_text_color=\u00bb#ffffff\u00bb header_2_font_size=\u00bb36px\u00bb header_2_letter_spacing=\u00bb4px\u00bb header_2_line_height=\u00bb1.5em\u00bb z_index=\u00bb500&#8243; text_orientation=\u00bbright\u00bb width=\u00bb100%\u00bb width_tablet=\u00bb100%\u00bb width_phone=\u00bb100%\u00bb width_last_edited=\u00bboff|desktop\u00bb custom_margin=\u00bb||||false|false\u00bb custom_margin_tablet=\u00bb\u00bb custom_margin_phone=\u00bb||||false|false\u00bb custom_margin_last_edited=\u00bbon|phone\u00bb custom_padding=\u00bb0px||30px||false|false\u00bb custom_padding_tablet=\u00bb\u00bb custom_padding_phone=\u00bb\u00bb custom_padding_last_edited=\u00bbon|phone\u00bb animation_style=\u00bbfade\u00bb header_font_size_tablet=\u00bb26px\u00bb header_font_size_phone=\u00bb20px\u00bb header_font_size_last_edited=\u00bbon|phone\u00bb header_2_font_size_tablet=\u00bb26px\u00bb header_2_font_size_phone=\u00bb26px\u00bb header_2_font_size_last_edited=\u00bbon|desktop\u00bb text_orientation_tablet=\u00bb\u00bb text_orientation_phone=\u00bbleft\u00bb text_orientation_last_edited=\u00bbon|phone\u00bb width__hover_enabled=\u00bboff|desktop\u00bb]<\/p>\n<h2>Novedades<\/h2>\n<p>[\/et_pb_text][\/et_pb_column][\/et_pb_row][et_pb_row _builder_version=\u00bb4.8.1&#8243; custom_margin=\u00bb||||false|false\u00bb custom_padding=\u00bb0px||0px|||\u00bb animation_style=\u00bbflip\u00bb animation_direction=\u00bbtop\u00bb][et_pb_column type=\u00bb4_4&#8243; _builder_version=\u00bb4.0.11&#8243;][et_pb_blog fullwidth=\u00bboff\u00bb posts_number=\u00bb3&#8243; show_thumbnail=\u00bboff\u00bb excerpt_length=\u00bb100&#8243; show_more=\u00bbon\u00bb show_author=\u00bboff\u00bb show_date=\u00bboff\u00bb show_categories=\u00bboff\u00bb show_pagination=\u00bboff\u00bb masonry_tile_background_color=\u00bbrgba(0,0,0,0)\u00bb _builder_version=\u00bb4.7.7&#8243; header_font=\u00bbFutura Medium|600||on|||||\u00bb header_text_align=\u00bbcenter\u00bb header_text_color=\u00bb#ffffff\u00bb header_font_size=\u00bb13px\u00bb header_letter_spacing=\u00bb2px\u00bb header_line_height=\u00bb1.9em\u00bb body_font=\u00bbBrandon Grotesque Regular||||||||\u00bb body_text_color=\u00bb#ffffff\u00bb body_font_size=\u00bb16px\u00bb body_line_height=\u00bb2em\u00bb meta_font=\u00bb|||on|||||\u00bb meta_text_color=\u00bb#87977d\u00bb read_more_font=\u00bbBrandon Grotesque Medium|||on|||||\u00bb read_more_text_color=\u00bb#5fd675&#8243; read_more_letter_spacing=\u00bb1px\u00bb read_more_line_height=\u00bb1.8em\u00bb pagination_font=\u00bb|||on|||||\u00bb pagination_text_color=\u00bb#87977D\u00bb pagination_font_size=\u00bb16px\u00bb pagination_letter_spacing=\u00bb1px\u00bb custom_margin=\u00bb||||false|false\u00bb custom_padding=\u00bb||||false|false\u00bb header_text_align_tablet=\u00bbleft\u00bb header_text_align_phone=\u00bb\u00bb header_text_align_last_edited=\u00bbon|phone\u00bb header_font_size_phone=\u00bb20px\u00bb header_font_size_last_edited=\u00bboff|desktop\u00bb custom_css_title=\u00bbheight: 120px!important;\u00bb custom_css_content=\u00bbcolor:#fff!important\u00bb custom_css_read_more=\u00bbborder-bottom: 2px solid #60D675;||padding-bottom:5px;||margin-top: 30px!important;||position:absolute;||margin:auto;||top:275px;\u00bb border_width_all=\u00bb0px\u00bb custom_css_title_last_edited=\u00bbon|desktop\u00bb custom_css_title_phone=\u00bbheight: auto;\u00bb custom_css_title_tablet=\u00bbheight: auto;\u00bb custom_css_read_more_last_edited=\u00bbon|desktop\u00bb custom_css_read_more_tablet=\u00bbborder-bottom: 2px solid #60D675;||padding-bottom:5px;||margin-top: 30px!important;||position:default;\u00bb][\/et_pb_blog][\/et_pb_column][\/et_pb_row][\/et_pb_section]<\/p>\n","protected":false},"excerpt":{"rendered":"<p>Litigios y resoluci\u00f3n de disputas CONT\u00c1CTENOS El equipo de Litigios de Busch Mills est\u00e1 compuesto por abogados litigantes experimentados altamente expertos en navegar por la complejidad, la incertidumbre y los riesgos inherentes involucrados en litigar disputas a trav\u00e9s de procedimientos judiciales formales o m\u00e9todos alternativos de resoluci\u00f3n de disputas. Nuestros abogados trabajan directamente con nuestros [&hellip;]<\/p>\n","protected":false},"author":1,"featured_media":0,"parent":0,"menu_order":0,"comment_status":"closed","ping_status":"closed","template":"","meta":{"_et_pb_use_builder":"on","_et_pb_old_content":"","_et_gb_content_width":"","footnotes":""},"class_list":["post-1681","page","type-page","status-publish","hentry"],"yoast_head":"<!-- This site is optimized with the Yoast SEO plugin v24.5 - https:\/\/yoast.com\/wordpress\/plugins\/seo\/ -->\n<title>Litigios y resoluci\u00f3n de disputas - Busch Mills &amp; Slomka, LLP<\/title>\n<meta name=\"robots\" content=\"index, follow, max-snippet:-1, max-image-preview:large, max-video-preview:-1\" \/>\n<link rel=\"canonical\" href=\"https:\/\/buschmills.com\/es\/litigios-y-resolucion-de-disputas\/\" \/>\n<meta property=\"og:locale\" content=\"es_ES\" \/>\n<meta property=\"og:type\" content=\"article\" \/>\n<meta property=\"og:title\" content=\"Litigios y resoluci\u00f3n de disputas - Busch Mills &amp; Slomka, LLP\" \/>\n<meta property=\"og:description\" content=\"Litigios y resoluci\u00f3n de disputas CONT\u00c1CTENOS El equipo de Litigios de Busch Mills est\u00e1 compuesto por abogados litigantes experimentados altamente expertos en navegar por la complejidad, la incertidumbre y los riesgos inherentes involucrados en litigar disputas a trav\u00e9s de procedimientos judiciales formales o m\u00e9todos alternativos de resoluci\u00f3n de disputas. Nuestros abogados trabajan directamente con nuestros [&hellip;]\" \/>\n<meta property=\"og:url\" content=\"https:\/\/buschmills.com\/es\/litigios-y-resolucion-de-disputas\/\" \/>\n<meta property=\"og:site_name\" content=\"Busch Mills &amp; Slomka, LLP\" \/>\n<meta property=\"article:modified_time\" content=\"2023-06-21T12:40:13+00:00\" \/>\n<meta name=\"twitter:card\" content=\"summary_large_image\" \/>\n<meta name=\"twitter:label1\" content=\"Tiempo de lectura\" \/>\n\t<meta name=\"twitter:data1\" content=\"10 minutos\" \/>\n<script type=\"application\/ld+json\" class=\"yoast-schema-graph\">{\"@context\":\"https:\/\/schema.org\",\"@graph\":[{\"@type\":\"WebPage\",\"@id\":\"https:\/\/buschmills.com\/es\/litigios-y-resolucion-de-disputas\/\",\"url\":\"https:\/\/buschmills.com\/es\/litigios-y-resolucion-de-disputas\/\",\"name\":\"Litigios y resoluci\u00f3n de disputas - Busch Mills &amp; Slomka, LLP\",\"isPartOf\":{\"@id\":\"https:\/\/buschmills.com\/#website\"},\"datePublished\":\"2019-11-28T19:27:23+00:00\",\"dateModified\":\"2023-06-21T12:40:13+00:00\",\"breadcrumb\":{\"@id\":\"https:\/\/buschmills.com\/es\/litigios-y-resolucion-de-disputas\/#breadcrumb\"},\"inLanguage\":\"es\",\"potentialAction\":[{\"@type\":\"ReadAction\",\"target\":[\"https:\/\/buschmills.com\/es\/litigios-y-resolucion-de-disputas\/\"]}]},{\"@type\":\"BreadcrumbList\",\"@id\":\"https:\/\/buschmills.com\/es\/litigios-y-resolucion-de-disputas\/#breadcrumb\",\"itemListElement\":[{\"@type\":\"ListItem\",\"position\":1,\"name\":\"Home\",\"item\":\"https:\/\/buschmills.com\/\"},{\"@type\":\"ListItem\",\"position\":2,\"name\":\"Litigios y resoluci\u00f3n de disputas\"}]},{\"@type\":\"WebSite\",\"@id\":\"https:\/\/buschmills.com\/#website\",\"url\":\"https:\/\/buschmills.com\/\",\"name\":\"Busch Mills &amp; Slomka, LLP\",\"description\":\"Law Firm\",\"potentialAction\":[{\"@type\":\"SearchAction\",\"target\":{\"@type\":\"EntryPoint\",\"urlTemplate\":\"https:\/\/buschmills.com\/?s={search_term_string}\"},\"query-input\":{\"@type\":\"PropertyValueSpecification\",\"valueRequired\":true,\"valueName\":\"search_term_string\"}}],\"inLanguage\":\"es\"}]}<\/script>\n<!-- \/ Yoast SEO plugin. -->","yoast_head_json":{"title":"Litigios y resoluci\u00f3n de disputas - Busch Mills &amp; Slomka, LLP","robots":{"index":"index","follow":"follow","max-snippet":"max-snippet:-1","max-image-preview":"max-image-preview:large","max-video-preview":"max-video-preview:-1"},"canonical":"https:\/\/buschmills.com\/es\/litigios-y-resolucion-de-disputas\/","og_locale":"es_ES","og_type":"article","og_title":"Litigios y resoluci\u00f3n de disputas - Busch Mills &amp; Slomka, LLP","og_description":"Litigios y resoluci\u00f3n de disputas CONT\u00c1CTENOS El equipo de Litigios de Busch Mills est\u00e1 compuesto por abogados litigantes experimentados altamente expertos en navegar por la complejidad, la incertidumbre y los riesgos inherentes involucrados en litigar disputas a trav\u00e9s de procedimientos judiciales formales o m\u00e9todos alternativos de resoluci\u00f3n de disputas. Nuestros abogados trabajan directamente con nuestros [&hellip;]","og_url":"https:\/\/buschmills.com\/es\/litigios-y-resolucion-de-disputas\/","og_site_name":"Busch Mills &amp; Slomka, LLP","article_modified_time":"2023-06-21T12:40:13+00:00","twitter_card":"summary_large_image","twitter_misc":{"Tiempo de lectura":"10 minutos"},"schema":{"@context":"https:\/\/schema.org","@graph":[{"@type":"WebPage","@id":"https:\/\/buschmills.com\/es\/litigios-y-resolucion-de-disputas\/","url":"https:\/\/buschmills.com\/es\/litigios-y-resolucion-de-disputas\/","name":"Litigios y resoluci\u00f3n de disputas - Busch Mills &amp; Slomka, LLP","isPartOf":{"@id":"https:\/\/buschmills.com\/#website"},"datePublished":"2019-11-28T19:27:23+00:00","dateModified":"2023-06-21T12:40:13+00:00","breadcrumb":{"@id":"https:\/\/buschmills.com\/es\/litigios-y-resolucion-de-disputas\/#breadcrumb"},"inLanguage":"es","potentialAction":[{"@type":"ReadAction","target":["https:\/\/buschmills.com\/es\/litigios-y-resolucion-de-disputas\/"]}]},{"@type":"BreadcrumbList","@id":"https:\/\/buschmills.com\/es\/litigios-y-resolucion-de-disputas\/#breadcrumb","itemListElement":[{"@type":"ListItem","position":1,"name":"Home","item":"https:\/\/buschmills.com\/"},{"@type":"ListItem","position":2,"name":"Litigios y resoluci\u00f3n de disputas"}]},{"@type":"WebSite","@id":"https:\/\/buschmills.com\/#website","url":"https:\/\/buschmills.com\/","name":"Busch Mills &amp; Slomka, LLP","description":"Law Firm","potentialAction":[{"@type":"SearchAction","target":{"@type":"EntryPoint","urlTemplate":"https:\/\/buschmills.com\/?s={search_term_string}"},"query-input":{"@type":"PropertyValueSpecification","valueRequired":true,"valueName":"search_term_string"}}],"inLanguage":"es"}]}},"_links":{"self":[{"href":"https:\/\/buschmills.com\/es\/wp-json\/wp\/v2\/pages\/1681","targetHints":{"allow":["GET"]}}],"collection":[{"href":"https:\/\/buschmills.com\/es\/wp-json\/wp\/v2\/pages"}],"about":[{"href":"https:\/\/buschmills.com\/es\/wp-json\/wp\/v2\/types\/page"}],"author":[{"embeddable":true,"href":"https:\/\/buschmills.com\/es\/wp-json\/wp\/v2\/users\/1"}],"replies":[{"embeddable":true,"href":"https:\/\/buschmills.com\/es\/wp-json\/wp\/v2\/comments?post=1681"}],"version-history":[{"count":0,"href":"https:\/\/buschmills.com\/es\/wp-json\/wp\/v2\/pages\/1681\/revisions"}],"wp:attachment":[{"href":"https:\/\/buschmills.com\/es\/wp-json\/wp\/v2\/media?parent=1681"}],"curies":[{"name":"wp","href":"https:\/\/api.w.org\/{rel}","templated":true}]}}