{"id":1685,"date":"2019-11-28T04:12:26","date_gmt":"2019-11-28T04:12:26","guid":{"rendered":"https:\/\/buschmills.com\/abg-shawn-j-eisenberg\/"},"modified":"2023-06-21T12:40:11","modified_gmt":"2023-06-21T12:40:11","slug":"abg-shawn-j-eisenberg","status":"publish","type":"page","link":"https:\/\/buschmills.com\/es\/abg-shawn-j-eisenberg\/","title":{"rendered":"Abg. Shawn J. Eisenberg"},"content":{"rendered":"<p>[et_pb_section fb_built=\u00bb1&#8243; _builder_version=\u00bb4.0.6&#8243; background_image=\u00bbhttps:\/\/buschmills.com\/wp-content\/uploads\/2019\/12\/About-Us-Banner-v2.jpg\u00bb width=\u00bb100%\u00bb min_height=\u00bb280px\u00bb min_height_tablet=\u00bb290px\u00bb min_height_phone=\u00bb\u00bb min_height_last_edited=\u00bbon|tablet\u00bb max_height=\u00bb1000px\u00bb][et_pb_row _builder_version=\u00bb4.0.6&#8243;][et_pb_column type=\u00bb4_4&#8243; _builder_version=\u00bb4.0.6&#8243;][et_pb_divider show_divider=\u00bboff\u00bb _builder_version=\u00bb4.0.6&#8243;][\/et_pb_divider][\/et_pb_column][\/et_pb_row][\/et_pb_section][et_pb_section fb_built=\u00bb1&#8243; custom_padding_last_edited=\u00bbon|phone\u00bb disabled_on=\u00bbon|on|off\u00bb _builder_version=\u00bb4.0.6&#8243; background_color=\u00bb#ffffff\u00bb custom_padding=\u00bb60px||60px||true|false\u00bb custom_padding_tablet=\u00bb50px||50px||true|false\u00bb custom_padding_phone=\u00bb\u00bb][et_pb_row column_structure=\u00bb1_4,3_4&#8243; _builder_version=\u00bb4.0.6&#8243; custom_margin=\u00bb|auto||auto|false|false\u00bb custom_margin_tablet=\u00bb\u00bb custom_margin_phone=\u00bb\u00bb custom_margin_last_edited=\u00bbon|phone\u00bb custom_padding=\u00bb0px||0px|||\u00bb][et_pb_column type=\u00bb1_4&#8243; _builder_version=\u00bb4.0.6&#8243;][et_pb_image src=\u00bbhttps:\/\/buschmills.com\/wp-content\/uploads\/2019\/11\/6-222&#215;300.jpg\u00bb _builder_version=\u00bb4.0.6&#8243; custom_margin=\u00bb||||false|false\u00bb animation_style=\u00bbslide\u00bb animation_direction=\u00bbbottom\u00bb border_radii=\u00bboff||||\u00bb box_shadow_style=\u00bbpreset4&#8243; box_shadow_horizontal=\u00bb-10px\u00bb box_shadow_vertical=\u00bb-10px\u00bb box_shadow_color=\u00bb#e7e4df\u00bb][\/et_pb_image][et_pb_text _builder_version=\u00bb4.0.6&#8243; text_text_color=\u00bb#4f5356&#8243; text_font_size=\u00bb20px\u00bb text_line_height=\u00bb1.8em\u00bb ul_text_color=\u00bb#4f5356&#8243; ul_font_size=\u00bb20px\u00bb ul_letter_spacing=\u00bb1px\u00bb ul_line_height=\u00bb2em\u00bb header_font=\u00bb|||on|||||\u00bb header_text_align=\u00bbcenter\u00bb header_text_color=\u00bb#4f5356&#8243; header_font_size=\u00bb36px\u00bb header_letter_spacing=\u00bb4px\u00bb header_line_height=\u00bb1.5em\u00bb header_2_font=\u00bb|||on|||||\u00bb header_2_font_size=\u00bb36px\u00bb header_2_letter_spacing=\u00bb3px\u00bb header_2_line_height=\u00bb1.5em\u00bb custom_padding=\u00bb0px||||false|false\u00bb custom_padding_tablet=\u00bb\u00bb custom_padding_phone=\u00bb\u00bb custom_padding_last_edited=\u00bbon|desktop\u00bb header_font_size_tablet=\u00bb26px\u00bb header_font_size_phone=\u00bb20px\u00bb header_font_size_last_edited=\u00bbon|phone\u00bb header_2_font_size_tablet=\u00bb26px\u00bb header_2_font_size_phone=\u00bb20px\u00bb header_2_font_size_last_edited=\u00bbon|phone\u00bb]<\/p>\n<p class=\"font_7\"><strong><span class=\"color_11\">GRUPOS DE PR\u00c1CTICA:<\/span><\/strong><\/p>\n<ul class=\"color_11 font_7\">\n<li>\n<p class=\"font_7\"><span class=\"color_11\">Corporativo y valores<\/span><\/p>\n<\/li>\n<li>\n<p class=\"font_7\"><span class=\"color_11\">Servicios de inversi\u00f3n\u00a0<\/span><\/p>\n<\/li>\n<li>\n<p class=\"font_7\"><span class=\"color_11\">Fusiones y adquisiciones<\/span><\/p>\n<\/li>\n<li>\n<p class=\"font_7\"><span class=\"color_11\">Asesor general<\/span><\/p>\n<\/li>\n<\/ul>\n<p>[\/et_pb_text][\/et_pb_column][et_pb_column type=\u00bb3_4&#8243; _builder_version=\u00bb4.0.6&#8243;][et_pb_text _builder_version=\u00bb4.0.6&#8243; text_text_color=\u00bb#4f5356&#8243; text_font_size=\u00bb20px\u00bb text_line_height=\u00bb1.8em\u00bb header_font=\u00bb|||on|||||\u00bb header_text_align=\u00bbcenter\u00bb header_text_color=\u00bb#4f5356&#8243; header_font_size=\u00bb36px\u00bb header_letter_spacing=\u00bb4px\u00bb header_line_height=\u00bb1.5em\u00bb header_2_font=\u00bb|||on|||||\u00bb header_2_font_size=\u00bb36px\u00bb header_2_letter_spacing=\u00bb3px\u00bb header_2_line_height=\u00bb1.5em\u00bb custom_padding=\u00bb0px|||||\u00bb custom_padding_tablet=\u00bb\u00bb custom_padding_phone=\u00bb\u00bb custom_padding_last_edited=\u00bbon|desktop\u00bb header_font_size_tablet=\u00bb26px\u00bb header_font_size_phone=\u00bb20px\u00bb header_font_size_last_edited=\u00bbon|phone\u00bb header_2_font_size_tablet=\u00bb26px\u00bb header_2_font_size_phone=\u00bb20px\u00bb header_2_font_size_last_edited=\u00bbon|phone\u00bb]<\/p>\n<div data-packed=\"true\" class=\"txtNew\" id=\"comp-k1gyto0c\">\n<h2 class=\"font_2\"><span class=\"color_16\"><span>Abg. Shawn J. Eisenberg<br \/> <\/span><\/span><span style=\"color: #87977d; font-size: 16px;\"><strong>ABOGADO<\/strong><\/span><\/h2>\n<p class=\"font_7\"><span class=\"color_11\">Shawn Eisenberg se gradu\u00f3 en la Universidad de Virginia del Oeste en 1999 y en la Escuela de Derecho de la Universidad de Hofstra en 2002.\u00a0 Shawn tambi\u00e9n fue el editor comercial de Hofstra Law Review.\u00a0 Shawn es miembro activo del Colegio de Abogados de Nueva York y Georgia y ha ejercido la abogac\u00eda en Atlanta desde 2006. <\/span><span class=\"color_11\">La pr\u00e1ctica del derecho de Shawn se centra en quiebra del consumidor, servicio de tramitaci\u00f3n de pr\u00e9stamos y bienes ra\u00edces comerciales. <\/span><\/p>\n<p class=\"font_7\"><span class=\"color_11\">Adem\u00e1s de representar a los clientes de su bufete de abogados, Shawn tambi\u00e9n se desempe\u00f1a como vicepresidente de Administraci\u00f3n y Arrendamiento de LIT Property Services.<\/span><\/p>\n<\/div>\n<p>[\/et_pb_text][\/et_pb_column][\/et_pb_row][et_pb_row _builder_version=\u00bb4.0.6&#8243; custom_margin=\u00bb60px|auto||auto|false|false\u00bb custom_margin_tablet=\u00bb\u00bb custom_margin_phone=\u00bb\u00bb custom_margin_last_edited=\u00bbon|phone\u00bb custom_padding=\u00bb0px||0px|||\u00bb][et_pb_column type=\u00bb4_4&#8243; _builder_version=\u00bb4.0.6&#8243;][et_pb_tabs active_tab_text_color=\u00bb#4f5356&#8243; _builder_version=\u00bb4.0.7&#8243; body_text_color=\u00bb#4f5356&#8243; body_font_size=\u00bb20px\u00bb body_letter_spacing=\u00bb1px\u00bb body_line_height=\u00bb1.8em\u00bb tab_font=\u00bb|||on|||||\u00bb tab_font_size=\u00bb18px\u00bb tab_letter_spacing=\u00bb1px\u00bb tab_line_height=\u00bb1.8em\u00bb body_ul_text_color=\u00bb#4f5356&#8243; body_ul_letter_spacing=\u00bb1px\u00bb hover_enabled=\u00bb0&#8243;][et_pb_tab title=\u00bbEducation\u00bb _builder_version=\u00bb4.0.6&#8243; body_ul_item_indent=\u00bb25px\u00bb body_ul_line_height=\u00bb1.7em\u00bb]<\/p>\n<ul>\n<li>\n<p class=\"font_7\"><span class=\"color_11\">Escuela de Derecho de la Universidad de Hofstra, doctorado en Derecho (J.D.), 2002<\/span><\/p>\n<\/li>\n<li>\n<p class=\"font_7\"><span class=\"color_11\">Universidad de Virginia del Oeste, licenciatura (B.S.), 1999, Ciencias Pol\u00edticas<\/span><\/p>\n<\/li>\n<\/ul>\n<p>[\/et_pb_tab][et_pb_tab title=\u00bbBar Admissions\u00bb _builder_version=\u00bb4.0.6&#8243; body_ul_item_indent=\u00bb25px\u00bb body_ul_line_height=\u00bb1.7em\u00bb]<\/p>\n<ul>\n<li class=\"font_7\">Georgia<\/li>\n<li class=\"font_7\">Nueva York<\/li>\n<\/ul>\n<p>[\/et_pb_tab][et_pb_tab title=\u00bbCommunity Involvement\u00bb _builder_version=\u00bb4.0.7&#8243; body_ul_item_indent=\u00bb25px\u00bb body_ul_line_height=\u00bb1.7em\u00bb hover_enabled=\u00bb0&#8243;]<\/p>\n<p>En la comunidad legal, participa activamente en las secciones de Bienes Ra\u00edces del Colegio de Abogados de Florida y en el Colegio de Abogados del Estado de Georgia; adem\u00e1s, es miembro de la Asociaci\u00f3n de Banqueros de la Florida (Florida Bankers Association). Tambi\u00e9n es miembro de la Asociaci\u00f3n Nacional de Empresas de Desarrollo (National Association of Development Companies) y, anteriormente, se desempe\u00f1\u00f3 en la Junta de Gobernadores de Exalumnos de la Universidad de Jacksonville.<\/p>\n<p>[\/et_pb_tab][\/et_pb_tabs][\/et_pb_column][\/et_pb_row][\/et_pb_section][et_pb_section fb_built=\u00bb1&#8243; custom_padding_last_edited=\u00bbon|phone\u00bb disabled_on=\u00bboff|off|on\u00bb _builder_version=\u00bb4.0.6&#8243; background_color=\u00bb#ffffff\u00bb custom_padding=\u00bb60px||60px||true|false\u00bb custom_padding_tablet=\u00bb50px||50px||true|false\u00bb custom_padding_phone=\u00bb\u00bb][et_pb_row use_custom_gutter=\u00bbon\u00bb gutter_width=\u00bb1&#8243; _builder_version=\u00bb4.0.6&#8243; custom_padding=\u00bb0px||0px|||\u00bb][et_pb_column type=\u00bb4_4&#8243; _builder_version=\u00bb4.0.6&#8243;][et_pb_text _builder_version=\u00bb4.0.6&#8243; text_text_color=\u00bb#4f5356&#8243; text_font_size=\u00bb20px\u00bb text_line_height=\u00bb1.8em\u00bb header_font=\u00bb|||on|||||\u00bb header_text_align=\u00bbcenter\u00bb header_text_color=\u00bb#4f5356&#8243; header_font_size=\u00bb36px\u00bb header_letter_spacing=\u00bb4px\u00bb header_line_height=\u00bb1.5em\u00bb header_2_font=\u00bb|||on|||||\u00bb header_2_font_size=\u00bb36px\u00bb header_2_letter_spacing=\u00bb3px\u00bb header_2_line_height=\u00bb1.5em\u00bb custom_padding=\u00bb0px|||||\u00bb custom_padding_tablet=\u00bb\u00bb custom_padding_phone=\u00bb\u00bb custom_padding_last_edited=\u00bbon|desktop\u00bb header_font_size_tablet=\u00bb26px\u00bb header_font_size_phone=\u00bb20px\u00bb header_font_size_last_edited=\u00bbon|phone\u00bb header_2_font_size_tablet=\u00bb26px\u00bb header_2_font_size_phone=\u00bb20px\u00bb header_2_font_size_last_edited=\u00bbon|phone\u00bb]<\/p>\n<div data-packed=\"true\" class=\"txtNew\" id=\"comp-k1gyto0c\">\n<h2 class=\"font_2\"><span class=\"color_16\"><span>Abg. Shawn J. Eisenberg<br \/> <\/span><\/span><span style=\"color: #87977d; font-size: 16px;\"><strong>ABOGADO<\/strong><\/span><\/h2>\n<p class=\"font_7\"><span class=\"color_11\"><\/span><\/p>\n<\/div>\n<p>[\/et_pb_text][et_pb_image src=\u00bbhttps:\/\/buschmills.com\/wp-content\/uploads\/2019\/11\/6-222&#215;300.jpg\u00bb _builder_version=\u00bb4.0.6&#8243; custom_margin=\u00bb14px||0px||false|false\u00bb animation_style=\u00bbslide\u00bb animation_direction=\u00bbbottom\u00bb box_shadow_style=\u00bbpreset4&#8243; box_shadow_horizontal=\u00bb-10px\u00bb box_shadow_vertical=\u00bb-10px\u00bb box_shadow_color=\u00bb#e7e4df\u00bb][\/et_pb_image][et_pb_text _builder_version=\u00bb4.0.6&#8243; text_text_color=\u00bb#4f5356&#8243; text_font_size=\u00bb20px\u00bb text_line_height=\u00bb1.8em\u00bb header_font=\u00bb|||on|||||\u00bb header_text_align=\u00bbcenter\u00bb header_text_color=\u00bb#4f5356&#8243; header_font_size=\u00bb36px\u00bb header_letter_spacing=\u00bb4px\u00bb header_line_height=\u00bb1.5em\u00bb header_2_font=\u00bb|||on|||||\u00bb header_2_font_size=\u00bb36px\u00bb header_2_letter_spacing=\u00bb3px\u00bb header_2_line_height=\u00bb1.5em\u00bb custom_padding=\u00bb0px|||||\u00bb custom_padding_tablet=\u00bb\u00bb custom_padding_phone=\u00bb25px||||false|false\u00bb custom_padding_last_edited=\u00bbon|desktop\u00bb header_font_size_tablet=\u00bb26px\u00bb header_font_size_phone=\u00bb20px\u00bb header_font_size_last_edited=\u00bbon|phone\u00bb header_2_font_size_tablet=\u00bb26px\u00bb header_2_font_size_phone=\u00bb20px\u00bb header_2_font_size_last_edited=\u00bbon|phone\u00bb]<\/p>\n<p class=\"font_7\"><span class=\"color_11\">Shawn Eisenberg se gradu\u00f3 en la Universidad de Virginia del Oeste en 1999 y en la Escuela de Derecho de la Universidad de Hofstra en 2002.\u00a0 Shawn tambi\u00e9n fue el editor comercial de Hofstra Law Review.\u00a0 Shawn es miembro activo del Colegio de Abogados de Nueva York y Georgia y ha ejercido la abogac\u00eda en Atlanta desde 2006. <\/span><span class=\"color_11\">La pr\u00e1ctica del derecho de Shawn se centra en quiebra del consumidor, servicio de tramitaci\u00f3n de pr\u00e9stamos y bienes ra\u00edces comerciales. <\/span><\/p>\n<p class=\"font_7\"><span class=\"color_11\">Adem\u00e1s de representar a los clientes de su bufete de abogados, Shawn tambi\u00e9n se desempe\u00f1a como vicepresidente de Administraci\u00f3n y Arrendamiento de LIT Property Services.<\/span><\/p>\n<p>[\/et_pb_text][et_pb_text _builder_version=\u00bb4.0.6&#8243; text_text_color=\u00bb#4f5356&#8243; text_font_size=\u00bb20px\u00bb text_line_height=\u00bb1.8em\u00bb ul_text_color=\u00bb#4f5356&#8243; ul_font_size=\u00bb20px\u00bb ul_letter_spacing=\u00bb1px\u00bb ul_line_height=\u00bb2em\u00bb header_font=\u00bb|||on|||||\u00bb header_text_align=\u00bbcenter\u00bb header_text_color=\u00bb#4f5356&#8243; header_font_size=\u00bb36px\u00bb header_letter_spacing=\u00bb4px\u00bb header_line_height=\u00bb1.5em\u00bb header_2_font=\u00bb|||on|||||\u00bb header_2_font_size=\u00bb36px\u00bb header_2_letter_spacing=\u00bb3px\u00bb header_2_line_height=\u00bb1.5em\u00bb custom_padding=\u00bb25px||||false|false\u00bb custom_padding_tablet=\u00bb\u00bb custom_padding_phone=\u00bb\u00bb custom_padding_last_edited=\u00bbon|phone\u00bb header_font_size_tablet=\u00bb26px\u00bb header_font_size_phone=\u00bb20px\u00bb header_font_size_last_edited=\u00bbon|phone\u00bb header_2_font_size_tablet=\u00bb26px\u00bb header_2_font_size_phone=\u00bb20px\u00bb header_2_font_size_last_edited=\u00bbon|phone\u00bb]<\/p>\n<p class=\"font_7\"><strong><span class=\"color_11\">GRUPOS DE PR\u00c1CTICA:<\/span><\/strong><\/p>\n<ul>\n<li>\n<p class=\"font_7\"><span class=\"color_11\">Corporativo y valores<\/span><\/p>\n<\/li>\n<li>\n<p class=\"font_7\"><span class=\"color_11\">Servicios de inversi\u00f3n\u00a0<\/span><\/p>\n<\/li>\n<li>\n<p class=\"font_7\"><span class=\"color_11\">Fusiones y adquisiciones<\/span><\/p>\n<\/li>\n<li>\n<p class=\"font_7\"><span class=\"color_11\">Asesor general<\/span><\/p>\n<\/li>\n<\/ul>\n<p>[\/et_pb_text][et_pb_tabs active_tab_text_color=\u00bb#4f5356&#8243; _builder_version=\u00bb4.0.7&#8243; body_text_color=\u00bb#4f5356&#8243; body_font_size=\u00bb20px\u00bb body_letter_spacing=\u00bb1px\u00bb body_line_height=\u00bb1.8em\u00bb tab_font=\u00bb|||on|||||\u00bb tab_font_size=\u00bb18px\u00bb tab_letter_spacing=\u00bb1px\u00bb tab_line_height=\u00bb1.8em\u00bb body_ul_text_color=\u00bb#4f5356&#8243; body_ul_letter_spacing=\u00bb1px\u00bb custom_margin=\u00bb20px||||false|false\u00bb hover_enabled=\u00bb0&#8243;][et_pb_tab title=\u00bbEducation\u00bb _builder_version=\u00bb4.0.6&#8243; body_ul_item_indent=\u00bb25px\u00bb body_ul_line_height=\u00bb1.7em\u00bb]<\/p>\n<ul>\n<li>\n<p class=\"font_7\"><span class=\"color_11\">Escuela de Derecho de la Universidad de Hofstra, doctorado en Derecho (J.D.), 2002<\/span><\/p>\n<\/li>\n<li>\n<p class=\"font_7\"><span class=\"color_11\">Universidad de Virginia del Oeste, licenciatura (B.S.), 1999, Ciencias Pol\u00edticas<\/span><\/p>\n<\/li>\n<\/ul>\n<p>[\/et_pb_tab][et_pb_tab title=\u00bbBar Admissions\u00bb _builder_version=\u00bb4.0.6&#8243; body_ul_item_indent=\u00bb25px\u00bb body_ul_line_height=\u00bb1.7em\u00bb]<\/p>\n<ul>\n<li class=\"font_7\">Georgia<\/li>\n<li class=\"font_7\">Nueva York<\/li>\n<\/ul>\n<p>[\/et_pb_tab][et_pb_tab title=\u00bbCommunity Involvement\u00bb _builder_version=\u00bb4.0.7&#8243; body_ul_item_indent=\u00bb25px\u00bb body_ul_line_height=\u00bb1.7em\u00bb hover_enabled=\u00bb0&#8243;]<\/p>\n<p>En la comunidad legal, participa activamente en las secciones de Bienes Ra\u00edces del Colegio de Abogados de Florida y en el Colegio de Abogados del Estado de Georgia; adem\u00e1s, es miembro de la Asociaci\u00f3n de Banqueros de la Florida (Florida Bankers Association). Tambi\u00e9n es miembro de la Asociaci\u00f3n Nacional de Empresas de Desarrollo (National Association of Development Companies) y, anteriormente, se desempe\u00f1\u00f3 en la Junta de Gobernadores de Exalumnos de la Universidad de Jacksonville.<\/p>\n<p>[\/et_pb_tab][\/et_pb_tabs][\/et_pb_column][\/et_pb_row][\/et_pb_section]<\/p>\n","protected":false},"excerpt":{"rendered":"<p>GRUPOS DE PR\u00c1CTICA: Corporativo y valores Servicios de inversi\u00f3n\u00a0 Fusiones y adquisiciones Asesor general Abg. Shawn J. Eisenberg ABOGADO Shawn Eisenberg se gradu\u00f3 en la Universidad de Virginia del Oeste en 1999 y en la Escuela de Derecho de la Universidad de Hofstra en 2002.\u00a0 Shawn tambi\u00e9n fue el editor comercial de Hofstra Law Review.\u00a0 [&hellip;]<\/p>\n","protected":false},"author":1,"featured_media":0,"parent":0,"menu_order":0,"comment_status":"closed","ping_status":"closed","template":"","meta":{"_et_pb_use_builder":"on","_et_pb_old_content":"","_et_gb_content_width":"","footnotes":""},"class_list":["post-1685","page","type-page","status-publish","hentry"],"yoast_head":"<!-- This site is optimized with the Yoast SEO plugin v24.5 - https:\/\/yoast.com\/wordpress\/plugins\/seo\/ -->\n<title>Abg. Shawn J. Eisenberg - Busch Mills &amp; Slomka, LLP<\/title>\n<meta name=\"robots\" content=\"index, follow, max-snippet:-1, max-image-preview:large, max-video-preview:-1\" \/>\n<link rel=\"canonical\" href=\"https:\/\/buschmills.com\/es\/abg-shawn-j-eisenberg\/\" \/>\n<meta property=\"og:locale\" content=\"es_ES\" \/>\n<meta property=\"og:type\" content=\"article\" \/>\n<meta property=\"og:title\" content=\"Abg. Shawn J. Eisenberg - Busch Mills &amp; Slomka, LLP\" \/>\n<meta property=\"og:description\" content=\"GRUPOS DE PR\u00c1CTICA: Corporativo y valores Servicios de inversi\u00f3n\u00a0 Fusiones y adquisiciones Asesor general Abg. Shawn J. Eisenberg ABOGADO Shawn Eisenberg se gradu\u00f3 en la Universidad de Virginia del Oeste en 1999 y en la Escuela de Derecho de la Universidad de Hofstra en 2002.\u00a0 Shawn tambi\u00e9n fue el editor comercial de Hofstra Law Review.\u00a0 [&hellip;]\" \/>\n<meta property=\"og:url\" content=\"https:\/\/buschmills.com\/es\/abg-shawn-j-eisenberg\/\" \/>\n<meta property=\"og:site_name\" content=\"Busch Mills &amp; Slomka, LLP\" \/>\n<meta property=\"article:modified_time\" content=\"2023-06-21T12:40:11+00:00\" \/>\n<meta name=\"twitter:card\" content=\"summary_large_image\" \/>\n<meta name=\"twitter:label1\" content=\"Tiempo de lectura\" \/>\n\t<meta name=\"twitter:data1\" content=\"8 minutos\" \/>\n<script type=\"application\/ld+json\" class=\"yoast-schema-graph\">{\"@context\":\"https:\/\/schema.org\",\"@graph\":[{\"@type\":\"WebPage\",\"@id\":\"https:\/\/buschmills.com\/es\/abg-shawn-j-eisenberg\/\",\"url\":\"https:\/\/buschmills.com\/es\/abg-shawn-j-eisenberg\/\",\"name\":\"Abg. Shawn J. Eisenberg - Busch Mills &amp; Slomka, LLP\",\"isPartOf\":{\"@id\":\"https:\/\/buschmills.com\/#website\"},\"datePublished\":\"2019-11-28T04:12:26+00:00\",\"dateModified\":\"2023-06-21T12:40:11+00:00\",\"breadcrumb\":{\"@id\":\"https:\/\/buschmills.com\/es\/abg-shawn-j-eisenberg\/#breadcrumb\"},\"inLanguage\":\"es\",\"potentialAction\":[{\"@type\":\"ReadAction\",\"target\":[\"https:\/\/buschmills.com\/es\/abg-shawn-j-eisenberg\/\"]}]},{\"@type\":\"BreadcrumbList\",\"@id\":\"https:\/\/buschmills.com\/es\/abg-shawn-j-eisenberg\/#breadcrumb\",\"itemListElement\":[{\"@type\":\"ListItem\",\"position\":1,\"name\":\"Home\",\"item\":\"https:\/\/buschmills.com\/\"},{\"@type\":\"ListItem\",\"position\":2,\"name\":\"Abg. Shawn J. Eisenberg\"}]},{\"@type\":\"WebSite\",\"@id\":\"https:\/\/buschmills.com\/#website\",\"url\":\"https:\/\/buschmills.com\/\",\"name\":\"Busch Mills &amp; Slomka, LLP\",\"description\":\"Law Firm\",\"potentialAction\":[{\"@type\":\"SearchAction\",\"target\":{\"@type\":\"EntryPoint\",\"urlTemplate\":\"https:\/\/buschmills.com\/?s={search_term_string}\"},\"query-input\":{\"@type\":\"PropertyValueSpecification\",\"valueRequired\":true,\"valueName\":\"search_term_string\"}}],\"inLanguage\":\"es\"}]}<\/script>\n<!-- \/ Yoast SEO plugin. -->","yoast_head_json":{"title":"Abg. Shawn J. Eisenberg - Busch Mills &amp; Slomka, LLP","robots":{"index":"index","follow":"follow","max-snippet":"max-snippet:-1","max-image-preview":"max-image-preview:large","max-video-preview":"max-video-preview:-1"},"canonical":"https:\/\/buschmills.com\/es\/abg-shawn-j-eisenberg\/","og_locale":"es_ES","og_type":"article","og_title":"Abg. Shawn J. Eisenberg - Busch Mills &amp; Slomka, LLP","og_description":"GRUPOS DE PR\u00c1CTICA: Corporativo y valores Servicios de inversi\u00f3n\u00a0 Fusiones y adquisiciones Asesor general Abg. Shawn J. Eisenberg ABOGADO Shawn Eisenberg se gradu\u00f3 en la Universidad de Virginia del Oeste en 1999 y en la Escuela de Derecho de la Universidad de Hofstra en 2002.\u00a0 Shawn tambi\u00e9n fue el editor comercial de Hofstra Law Review.\u00a0 [&hellip;]","og_url":"https:\/\/buschmills.com\/es\/abg-shawn-j-eisenberg\/","og_site_name":"Busch Mills &amp; Slomka, LLP","article_modified_time":"2023-06-21T12:40:11+00:00","twitter_card":"summary_large_image","twitter_misc":{"Tiempo de lectura":"8 minutos"},"schema":{"@context":"https:\/\/schema.org","@graph":[{"@type":"WebPage","@id":"https:\/\/buschmills.com\/es\/abg-shawn-j-eisenberg\/","url":"https:\/\/buschmills.com\/es\/abg-shawn-j-eisenberg\/","name":"Abg. Shawn J. Eisenberg - Busch Mills &amp; Slomka, LLP","isPartOf":{"@id":"https:\/\/buschmills.com\/#website"},"datePublished":"2019-11-28T04:12:26+00:00","dateModified":"2023-06-21T12:40:11+00:00","breadcrumb":{"@id":"https:\/\/buschmills.com\/es\/abg-shawn-j-eisenberg\/#breadcrumb"},"inLanguage":"es","potentialAction":[{"@type":"ReadAction","target":["https:\/\/buschmills.com\/es\/abg-shawn-j-eisenberg\/"]}]},{"@type":"BreadcrumbList","@id":"https:\/\/buschmills.com\/es\/abg-shawn-j-eisenberg\/#breadcrumb","itemListElement":[{"@type":"ListItem","position":1,"name":"Home","item":"https:\/\/buschmills.com\/"},{"@type":"ListItem","position":2,"name":"Abg. Shawn J. Eisenberg"}]},{"@type":"WebSite","@id":"https:\/\/buschmills.com\/#website","url":"https:\/\/buschmills.com\/","name":"Busch Mills &amp; Slomka, LLP","description":"Law Firm","potentialAction":[{"@type":"SearchAction","target":{"@type":"EntryPoint","urlTemplate":"https:\/\/buschmills.com\/?s={search_term_string}"},"query-input":{"@type":"PropertyValueSpecification","valueRequired":true,"valueName":"search_term_string"}}],"inLanguage":"es"}]}},"_links":{"self":[{"href":"https:\/\/buschmills.com\/es\/wp-json\/wp\/v2\/pages\/1685","targetHints":{"allow":["GET"]}}],"collection":[{"href":"https:\/\/buschmills.com\/es\/wp-json\/wp\/v2\/pages"}],"about":[{"href":"https:\/\/buschmills.com\/es\/wp-json\/wp\/v2\/types\/page"}],"author":[{"embeddable":true,"href":"https:\/\/buschmills.com\/es\/wp-json\/wp\/v2\/users\/1"}],"replies":[{"embeddable":true,"href":"https:\/\/buschmills.com\/es\/wp-json\/wp\/v2\/comments?post=1685"}],"version-history":[{"count":0,"href":"https:\/\/buschmills.com\/es\/wp-json\/wp\/v2\/pages\/1685\/revisions"}],"wp:attachment":[{"href":"https:\/\/buschmills.com\/es\/wp-json\/wp\/v2\/media?parent=1685"}],"curies":[{"name":"wp","href":"https:\/\/api.w.org\/{rel}","templated":true}]}}