{"id":1691,"date":"2019-11-27T23:26:55","date_gmt":"2019-11-27T23:26:55","guid":{"rendered":"https:\/\/buschmills.com\/portal-de-clientes\/"},"modified":"2023-06-21T12:40:07","modified_gmt":"2023-06-21T12:40:07","slug":"portal-de-clientes","status":"publish","type":"page","link":"https:\/\/buschmills.com\/es\/portal-de-clientes\/","title":{"rendered":"Portal de clientes"},"content":{"rendered":"<p>[et_pb_section fb_built=\u00bb1&#8243; custom_padding_last_edited=\u00bboff|desktop\u00bb _builder_version=\u00bb4.7.7&#8243; _module_preset=\u00bbdefault\u00bb background_color=\u00bb#3684da\u00bb background_enable_image=\u00bboff\u00bb transform_translate_linked=\u00bboff\u00bb custom_margin=\u00bb-185px||||false|false\u00bb custom_padding=\u00bb260px||75px||false|false\u00bb custom_padding_tablet=\u00bb260px||||false|false\u00bb][et_pb_row _builder_version=\u00bb4.7.7&#8243; _module_preset=\u00bbdefault\u00bb custom_padding=\u00bb0px||0px||true|false\u00bb][et_pb_column type=\u00bb4_4&#8243; _builder_version=\u00bb4.7.7&#8243; _module_preset=\u00bbdefault\u00bb][et_pb_text _builder_version=\u00bb4.8.1&#8243; text_text_color=\u00bb#4f5356&#8243; text_font_size=\u00bb20px\u00bb text_line_height=\u00bb1.8em\u00bb header_font=\u00bbFutura Medium|500||on|||||\u00bb header_text_align=\u00bbleft\u00bb header_text_color=\u00bb#ffffff\u00bb header_font_size=\u00bb48px\u00bb header_letter_spacing=\u00bb4px\u00bb header_line_height=\u00bb1.5em\u00bb width=\u00bb105%\u00bb max_width_tablet=\u00bb100%\u00bb max_width_last_edited=\u00bboff|desktop\u00bb custom_margin=\u00bb||||false|false\u00bb custom_padding=\u00bb0px|||||\u00bb hover_enabled=\u00bb0&#8243; header_text_align_tablet=\u00bbcenter\u00bb header_text_align_last_edited=\u00bboff|desktop\u00bb header_font_size_tablet=\u00bb26px\u00bb header_font_size_phone=\u00bb26px\u00bb header_font_size_last_edited=\u00bbon|phone\u00bb animation_style=\u00bbfade\u00bb sticky_enabled=\u00bb0&#8243;]<\/p>\n<h1>Portal de clientes<\/h1>\n<p>[\/et_pb_text][et_pb_text _builder_version=\u00bb4.8.1&#8243; text_text_color=\u00bb#4f5356&#8243; text_font_size=\u00bb20px\u00bb text_line_height=\u00bb1.8em\u00bb link_font=\u00bbBrandon Grotesque Medium|600|||||||\u00bb link_text_color=\u00bb#5fd675&#8243; link_font_size=\u00bb24px\u00bb link_letter_spacing=\u00bb3px\u00bb link_line_height=\u00bb1.2em\u00bb header_font=\u00bbFutura Medium|||on|||||\u00bb header_text_align=\u00bbleft\u00bb header_text_color=\u00bb#ffffff\u00bb header_font_size=\u00bb48px\u00bb header_letter_spacing=\u00bb4px\u00bb header_line_height=\u00bb1.5em\u00bb header_2_font=\u00bbBrandon Grotesque Regular|600|||||||\u00bb header_2_text_color=\u00bb#5fd675&#8243; header_2_font_size=\u00bb24px\u00bb header_2_letter_spacing=\u00bb2px\u00bb max_width_tablet=\u00bb100%\u00bb max_width_phone=\u00bb\u00bb max_width_last_edited=\u00bbon|desktop\u00bb custom_margin=\u00bb25px||||false|false\u00bb custom_margin_tablet=\u00bb100px||||false|false\u00bb custom_margin_last_edited=\u00bboff|desktop\u00bb custom_padding=\u00bb0px|||||\u00bb hover_enabled=\u00bb0&#8243; link_line_height_tablet=\u00bb\u00bb link_line_height_phone=\u00bb\u00bb link_line_height_last_edited=\u00bbon|phone\u00bb header_text_align_tablet=\u00bbcenter\u00bb header_text_align_last_edited=\u00bboff|desktop\u00bb header_font_size_tablet=\u00bb26px\u00bb header_font_size_phone=\u00bb26px\u00bb header_font_size_last_edited=\u00bbon|phone\u00bb header_text_shadow_style=\u00bbpreset3&#8243; animation_style=\u00bbslide\u00bb animation_direction=\u00bbbottom\u00bb sticky_enabled=\u00bb0&#8243;]<a href=\"\/contact\/\"><span style=\"border-bottom: 3px solid; padding-bottom: 15px;\">CONT\u00c1CTENOS <\/span><\/a>[\/et_pb_text][\/et_pb_column][\/et_pb_row][\/et_pb_section][et_pb_section fb_built=\u00bb1&#8243; custom_padding_last_edited=\u00bbon|desktop\u00bb _builder_version=\u00bb4.7.7&#8243; custom_margin=\u00bb||||false|false\u00bb custom_padding=\u00bb80px||80px||false|false\u00bb custom_padding_tablet=\u00bb60px||60px||true|false\u00bb custom_padding_phone=\u00bb60px||60px||true|false\u00bb][et_pb_row column_structure=\u00bb3_5,2_5&#8243; module_class=\u00bbmainHeading\u00bb _builder_version=\u00bb4.8.1&#8243; custom_margin=\u00bb|auto||auto|false|false\u00bb custom_margin_tablet=\u00bb|||auto|false|false\u00bb custom_margin_phone=\u00bb|auto||auto|false|false\u00bb custom_margin_last_edited=\u00bboff|desktop\u00bb custom_padding=\u00bb0px||0px||true|\u00bb hover_enabled=\u00bb0&#8243; sticky_enabled=\u00bb0&#8243;][et_pb_column type=\u00bb3_5&#8243; _builder_version=\u00bb4.8.1&#8243; hover_enabled=\u00bb0&#8243; custom_css_main_element=\u00bbmargin-top:-20px;\u00bb animation_style=\u00bbslide\u00bb animation_direction=\u00bbbottom\u00bb sticky_enabled=\u00bb0&#8243;][et_pb_accordion open_toggle_text_color=\u00bb#5fd675&#8243; open_toggle_background_color=\u00bb#ffffff\u00bb closed_toggle_background_color=\u00bb#ffffff\u00bb icon_color=\u00bb#5FD675&#8243; _builder_version=\u00bb4.8.1&#8243; _module_preset=\u00bbdefault\u00bb toggle_text_color=\u00bb#5fd675&#8243; toggle_font=\u00bbBrandon Grotesque Medium|||on|||||\u00bb toggle_font_size=\u00bb24px\u00bb toggle_letter_spacing=\u00bb3px\u00bb toggle_line_height=\u00bb1.4em\u00bb body_font=\u00bbBrandon Grotesque Regular||||||||\u00bb body_text_color=\u00bb#040707&#8243; body_font_size=\u00bb22px\u00bb body_line_height=\u00bb1.8em\u00bb custom_margin_tablet=\u00bb-75px||||false|false\u00bb custom_margin_phone=\u00bb-40px||||false|false\u00bb custom_margin_last_edited=\u00bboff|desktop\u00bb hover_enabled=\u00bb0&#8243; toggle_font_size_tablet=\u00bb\u00bb toggle_font_size_phone=\u00bb17px\u00bb toggle_font_size_last_edited=\u00bbon|phone\u00bb custom_css_toggle=\u00bbmargin-bottom:-10px!important;||padding-left:0px;||padding-right:0px;\u00bb custom_css_toggle_title=\u00bbborder-bottom: 3px solid;||padding-bottom:15px!important;\u00bb custom_css_toggle_content=\u00bbpadding-top:35px;\u00bb border_width_all=\u00bb0px\u00bb sticky_enabled=\u00bb0&#8243;][et_pb_accordion_item title=\u00bbWHY DO WE USE SHAREFILE?\u00bb open=\u00bbon\u00bb _builder_version=\u00bb4.7.7&#8243; _module_preset=\u00bbdefault\u00bb width_tablet=\u00bb\u00bb width_phone=\u00bb\u00bb width_last_edited=\u00bbon|desktop\u00bb max_width_last_edited=\u00bboff|desktop\u00bb]<\/p>\n<p class=\"p1\">ShareFile le facilita almacenar y compartir\u00a0<i>de forma segura sus archivos comerciales confidenciales<\/i>, y acceder a ellos de forma segura desde cualquier lugar y en cualquier dispositivo. ShareFile protege sus archivos con protocolos de cifrado y centros de datos de \u00faltima generaci\u00f3n equipados para proteger contra la p\u00e9rdida de datos, incluso en emergencias. Los controles configurables le permiten elegir qui\u00e9n puede acceder a archivos y carpetas, configurar alertas y notificaciones de actividad, e incluso establecer fechas de vencimiento en archivos confidenciales. Adem\u00e1s, nuestras aplicaciones m\u00f3viles garantizan que pueda acceder a sus archivos desde cualquier dispositivo, en cualquier momento, sin comprometer la seguridad.<\/p>\n<p>[\/et_pb_accordion_item][et_pb_accordion_item title=\u00bbFILE TRANSFER AND STORAGE\u00bb _builder_version=\u00bb4.7.7&#8243; _module_preset=\u00bbdefault\u00bb open=\u00bboff\u00bb]<\/p>\n<p class=\"p1\">Todas las comunicaciones y el intercambio de datos entre ShareFile y el usuario se cifran mediante protocolos de cifrado de Capa de conexi\u00f3n segura (SSL) o Seguridad de la capa de transporte (TLS) y cifrado AES de hasta 256\u00a0bits. Sus archivos tambi\u00e9n est\u00e1n protegidos mientras se encuentran en nuestros servidores con cifrado AES de 256\u00a0bits.<\/p>\n<p>[\/et_pb_accordion_item][et_pb_accordion_item title=\u00bbDATA RELIABILITY\u00bb _builder_version=\u00bb4.7.7&#8243; _module_preset=\u00bbdefault\u00bb open=\u00bboff\u00bb]<\/p>\n<p class=\"p1\">Nuestros servidores residen en centros de datos con certificaci\u00f3n SSAE-16 con caracter\u00edsticas que incluyen techos con clasificaci\u00f3n para huracanes y m\u00faltiples fuentes de energ\u00eda redundantes. Todos los datos se actualizan autom\u00e1ticamente en servidores en ubicaciones separadas. Realizamos copias de seguridad regulares en todos los datos, incluidas las copias de seguridad de datos fuera del sitio, para protegerlos contra casi todos los escenarios de desastres.<\/p>\n<p>[\/et_pb_accordion_item][et_pb_accordion_item title=\u00bbMOBILE SECURITY\u00bb _builder_version=\u00bb4.7.7&#8243; _module_preset=\u00bbdefault\u00bb open=\u00bboff\u00bb]<\/p>\n<p class=\"p1\">Las aplicaciones m\u00f3viles de ShareFile le permiten acceder de forma segura e instant\u00e1nea a sus archivos desde cualquier dispositivo. Lleve un seguimiento de la actividad de la cuenta, establezca pol\u00edticas de vencimiento para los archivos guardados en la aplicaci\u00f3n, y bloquee o borre de forma remota los datos de un dispositivo perdido o robado, de manera r\u00e1pida y f\u00e1cil.<\/p>\n<p>[\/et_pb_accordion_item][et_pb_accordion_item title=\u00bbCUSTOMIZABLE SETTINGS\u00bb _builder_version=\u00bb4.7.7&#8243; _module_preset=\u00bbdefault\u00bb open=\u00bboff\u00bb]Con la configuraci\u00f3n de usuario de ShareFile, puede controlar qui\u00e9n accede a sus datos. Brinde a los empleados y clientes acceso solo a los archivos que desea que vean y reciba alertas cuando alguien descargue un archivo. El control de versiones de archivos le permite llevar un seguimiento de los cambios en los archivos y acceder a versiones anteriores de los archivos seg\u00fan sea necesario. Los registros de auditor\u00eda de flujo de trabajo, los permisos configurables, incluida la autenticaci\u00f3n multifactorial y las herramientas de informes intuitivas, proporcionan un control a\u00fan m\u00e1s granular.[\/et_pb_accordion_item][\/et_pb_accordion][\/et_pb_column][et_pb_column type=\u00bb2_5&#8243; _builder_version=\u00bb4.8.1&#8243; background_color=\u00bb#f7f7f7&#8243; custom_padding=\u00bb25px|25px|25px|25px|true|true\u00bb hover_enabled=\u00bb0&#8243; custom_css_main_element=\u00bbmargin-top:-20px\u00bb custom_css_main_element_last_edited=\u00bbon|desktop\u00bb custom_css_main_element_tablet=\u00bbmargin-top:30px\u00bb animation_style=\u00bbslide\u00bb animation_direction=\u00bbright\u00bb sticky_enabled=\u00bb0&#8243;][et_pb_code _builder_version=\u00bb4.7.7&#8243; _module_preset=\u00bbdefault\u00bb]<iframe loading=\"lazy\" src=\"https:\/\/bsms.sharefile.com\/remoteupload\/a2da384a-4459-402d-807c-7291da387735\" frameborder=\"0\" width=\"400px\" height=\"775px\" scrolling=\"auto\" id=\"sfRemoteUploadFrame\"><\/iframe>[\/et_pb_code][\/et_pb_column][\/et_pb_row][\/et_pb_section][et_pb_section fb_built=\u00bb1&#8243; custom_padding_last_edited=\u00bbon|phone\u00bb _builder_version=\u00bb4.7.7&#8243; background_color=\u00bb#3684da\u00bb custom_padding=\u00bb80px||110px||false|false\u00bb custom_padding_tablet=\u00bb60px||30px||false|false\u00bb custom_padding_phone=\u00bb\u00bb global_module=\u00bb1233&#8243; saved_tabs=\u00bball\u00bb][et_pb_row _builder_version=\u00bb4.7.7&#8243; custom_margin=\u00bb0px||||false|false\u00bb custom_margin_tablet=\u00bb0px||||false|false\u00bb custom_margin_phone=\u00bb\u00bb custom_margin_last_edited=\u00bbon|desktop\u00bb custom_padding=\u00bb0px||0px|||\u00bb][et_pb_column type=\u00bb4_4&#8243; _builder_version=\u00bb4.7.7&#8243;][et_pb_text _builder_version=\u00bb4.8.1&#8243; text_font=\u00bbBrandon Grotesque Regular||||||||\u00bb text_text_color=\u00bb#ffffff\u00bb text_font_size=\u00bb22px\u00bb text_line_height=\u00bb1.8em\u00bb header_font=\u00bb|||on|||||\u00bb header_text_align=\u00bbcenter\u00bb header_text_color=\u00bb#4f5356&#8243; header_font_size=\u00bb36px\u00bb header_letter_spacing=\u00bb4px\u00bb header_line_height=\u00bb1.5em\u00bb header_2_font=\u00bbFutura Medium|600||on|||||\u00bb header_2_text_align=\u00bbcenter\u00bb header_2_text_color=\u00bb#ffffff\u00bb header_2_font_size=\u00bb36px\u00bb header_2_letter_spacing=\u00bb4px\u00bb header_2_line_height=\u00bb1.5em\u00bb z_index=\u00bb500&#8243; text_orientation=\u00bbright\u00bb width=\u00bb100%\u00bb width_tablet=\u00bb100%\u00bb width_phone=\u00bb100%\u00bb width_last_edited=\u00bboff|desktop\u00bb custom_margin=\u00bb||||false|false\u00bb custom_margin_tablet=\u00bb\u00bb custom_margin_phone=\u00bb||||false|false\u00bb custom_margin_last_edited=\u00bbon|phone\u00bb custom_padding=\u00bb0px||30px||false|false\u00bb custom_padding_tablet=\u00bb\u00bb custom_padding_phone=\u00bb\u00bb custom_padding_last_edited=\u00bbon|phone\u00bb animation_style=\u00bbfade\u00bb header_font_size_tablet=\u00bb26px\u00bb header_font_size_phone=\u00bb20px\u00bb header_font_size_last_edited=\u00bbon|phone\u00bb header_2_font_size_tablet=\u00bb26px\u00bb header_2_font_size_phone=\u00bb26px\u00bb header_2_font_size_last_edited=\u00bbon|desktop\u00bb text_orientation_tablet=\u00bb\u00bb text_orientation_phone=\u00bbleft\u00bb text_orientation_last_edited=\u00bbon|phone\u00bb width__hover_enabled=\u00bboff|desktop\u00bb]<\/p>\n<h2>Novedades<\/h2>\n<p>[\/et_pb_text][\/et_pb_column][\/et_pb_row][et_pb_row _builder_version=\u00bb4.8.1&#8243; custom_margin=\u00bb||||false|false\u00bb custom_padding=\u00bb0px||0px|||\u00bb animation_style=\u00bbflip\u00bb animation_direction=\u00bbtop\u00bb][et_pb_column type=\u00bb4_4&#8243; _builder_version=\u00bb4.0.11&#8243;][et_pb_blog fullwidth=\u00bboff\u00bb posts_number=\u00bb3&#8243; show_thumbnail=\u00bboff\u00bb excerpt_length=\u00bb100&#8243; show_more=\u00bbon\u00bb show_author=\u00bboff\u00bb show_date=\u00bboff\u00bb show_categories=\u00bboff\u00bb show_pagination=\u00bboff\u00bb masonry_tile_background_color=\u00bbrgba(0,0,0,0)\u00bb _builder_version=\u00bb4.7.7&#8243; header_font=\u00bbFutura Medium|600||on|||||\u00bb header_text_align=\u00bbcenter\u00bb header_text_color=\u00bb#ffffff\u00bb header_font_size=\u00bb13px\u00bb header_letter_spacing=\u00bb2px\u00bb header_line_height=\u00bb1.9em\u00bb body_font=\u00bbBrandon Grotesque Regular||||||||\u00bb body_text_color=\u00bb#ffffff\u00bb body_font_size=\u00bb16px\u00bb body_line_height=\u00bb2em\u00bb meta_font=\u00bb|||on|||||\u00bb meta_text_color=\u00bb#87977d\u00bb read_more_font=\u00bbBrandon Grotesque Medium|||on|||||\u00bb read_more_text_color=\u00bb#5fd675&#8243; read_more_letter_spacing=\u00bb1px\u00bb read_more_line_height=\u00bb1.8em\u00bb pagination_font=\u00bb|||on|||||\u00bb pagination_text_color=\u00bb#87977D\u00bb pagination_font_size=\u00bb16px\u00bb pagination_letter_spacing=\u00bb1px\u00bb custom_margin=\u00bb||||false|false\u00bb custom_padding=\u00bb||||false|false\u00bb header_text_align_tablet=\u00bbleft\u00bb header_text_align_phone=\u00bb\u00bb header_text_align_last_edited=\u00bbon|phone\u00bb header_font_size_phone=\u00bb20px\u00bb header_font_size_last_edited=\u00bboff|desktop\u00bb custom_css_title=\u00bbheight: 120px!important;\u00bb custom_css_content=\u00bbcolor:#fff!important\u00bb custom_css_read_more=\u00bbborder-bottom: 2px solid #60D675;||padding-bottom:5px;||margin-top: 30px!important;||position:absolute;||margin:auto;||top:275px;\u00bb border_width_all=\u00bb0px\u00bb custom_css_title_last_edited=\u00bbon|desktop\u00bb custom_css_title_phone=\u00bbheight: auto;\u00bb custom_css_title_tablet=\u00bbheight: auto;\u00bb custom_css_read_more_last_edited=\u00bbon|desktop\u00bb custom_css_read_more_tablet=\u00bbborder-bottom: 2px solid #60D675;||padding-bottom:5px;||margin-top: 30px!important;||position:default;\u00bb][\/et_pb_blog][\/et_pb_column][\/et_pb_row][\/et_pb_section]<\/p>\n","protected":false},"excerpt":{"rendered":"<p>Portal de clientesCONT\u00c1CTENOS ShareFile le facilita almacenar y compartir\u00a0de forma segura sus archivos comerciales confidenciales, y acceder a ellos de forma segura desde cualquier lugar y en cualquier dispositivo. ShareFile protege sus archivos con protocolos de cifrado y centros de datos de \u00faltima generaci\u00f3n equipados para proteger contra la p\u00e9rdida de datos, incluso en emergencias. [&hellip;]<\/p>\n","protected":false},"author":1,"featured_media":0,"parent":0,"menu_order":0,"comment_status":"closed","ping_status":"closed","template":"","meta":{"_et_pb_use_builder":"on","_et_pb_old_content":"","_et_gb_content_width":"","footnotes":""},"class_list":["post-1691","page","type-page","status-publish","hentry"],"yoast_head":"<!-- This site is optimized with the Yoast SEO plugin v24.5 - https:\/\/yoast.com\/wordpress\/plugins\/seo\/ -->\n<title>Portal de clientes - Busch Mills &amp; Slomka, LLP<\/title>\n<meta name=\"robots\" content=\"index, follow, max-snippet:-1, max-image-preview:large, max-video-preview:-1\" \/>\n<link rel=\"canonical\" href=\"https:\/\/buschmills.com\/es\/portal-de-clientes\/\" \/>\n<meta property=\"og:locale\" content=\"es_ES\" \/>\n<meta property=\"og:type\" content=\"article\" \/>\n<meta property=\"og:title\" content=\"Portal de clientes - Busch Mills &amp; Slomka, LLP\" \/>\n<meta property=\"og:description\" content=\"Portal de clientesCONT\u00c1CTENOS ShareFile le facilita almacenar y compartir\u00a0de forma segura sus archivos comerciales confidenciales, y acceder a ellos de forma segura desde cualquier lugar y en cualquier dispositivo. ShareFile protege sus archivos con protocolos de cifrado y centros de datos de \u00faltima generaci\u00f3n equipados para proteger contra la p\u00e9rdida de datos, incluso en emergencias. [&hellip;]\" \/>\n<meta property=\"og:url\" content=\"https:\/\/buschmills.com\/es\/portal-de-clientes\/\" \/>\n<meta property=\"og:site_name\" content=\"Busch Mills &amp; Slomka, LLP\" \/>\n<meta property=\"article:modified_time\" content=\"2023-06-21T12:40:07+00:00\" \/>\n<meta name=\"twitter:card\" content=\"summary_large_image\" \/>\n<meta name=\"twitter:label1\" content=\"Tiempo de lectura\" \/>\n\t<meta name=\"twitter:data1\" content=\"9 minutos\" \/>\n<script type=\"application\/ld+json\" class=\"yoast-schema-graph\">{\"@context\":\"https:\/\/schema.org\",\"@graph\":[{\"@type\":\"WebPage\",\"@id\":\"https:\/\/buschmills.com\/es\/portal-de-clientes\/\",\"url\":\"https:\/\/buschmills.com\/es\/portal-de-clientes\/\",\"name\":\"Portal de clientes - Busch Mills &amp; Slomka, LLP\",\"isPartOf\":{\"@id\":\"https:\/\/buschmills.com\/#website\"},\"datePublished\":\"2019-11-27T23:26:55+00:00\",\"dateModified\":\"2023-06-21T12:40:07+00:00\",\"breadcrumb\":{\"@id\":\"https:\/\/buschmills.com\/es\/portal-de-clientes\/#breadcrumb\"},\"inLanguage\":\"es\",\"potentialAction\":[{\"@type\":\"ReadAction\",\"target\":[\"https:\/\/buschmills.com\/es\/portal-de-clientes\/\"]}]},{\"@type\":\"BreadcrumbList\",\"@id\":\"https:\/\/buschmills.com\/es\/portal-de-clientes\/#breadcrumb\",\"itemListElement\":[{\"@type\":\"ListItem\",\"position\":1,\"name\":\"Home\",\"item\":\"https:\/\/buschmills.com\/\"},{\"@type\":\"ListItem\",\"position\":2,\"name\":\"Portal de clientes\"}]},{\"@type\":\"WebSite\",\"@id\":\"https:\/\/buschmills.com\/#website\",\"url\":\"https:\/\/buschmills.com\/\",\"name\":\"Busch Mills &amp; Slomka, LLP\",\"description\":\"Law Firm\",\"potentialAction\":[{\"@type\":\"SearchAction\",\"target\":{\"@type\":\"EntryPoint\",\"urlTemplate\":\"https:\/\/buschmills.com\/?s={search_term_string}\"},\"query-input\":{\"@type\":\"PropertyValueSpecification\",\"valueRequired\":true,\"valueName\":\"search_term_string\"}}],\"inLanguage\":\"es\"}]}<\/script>\n<!-- \/ Yoast SEO plugin. -->","yoast_head_json":{"title":"Portal de clientes - Busch Mills &amp; Slomka, LLP","robots":{"index":"index","follow":"follow","max-snippet":"max-snippet:-1","max-image-preview":"max-image-preview:large","max-video-preview":"max-video-preview:-1"},"canonical":"https:\/\/buschmills.com\/es\/portal-de-clientes\/","og_locale":"es_ES","og_type":"article","og_title":"Portal de clientes - Busch Mills &amp; Slomka, LLP","og_description":"Portal de clientesCONT\u00c1CTENOS ShareFile le facilita almacenar y compartir\u00a0de forma segura sus archivos comerciales confidenciales, y acceder a ellos de forma segura desde cualquier lugar y en cualquier dispositivo. ShareFile protege sus archivos con protocolos de cifrado y centros de datos de \u00faltima generaci\u00f3n equipados para proteger contra la p\u00e9rdida de datos, incluso en emergencias. [&hellip;]","og_url":"https:\/\/buschmills.com\/es\/portal-de-clientes\/","og_site_name":"Busch Mills &amp; Slomka, LLP","article_modified_time":"2023-06-21T12:40:07+00:00","twitter_card":"summary_large_image","twitter_misc":{"Tiempo de lectura":"9 minutos"},"schema":{"@context":"https:\/\/schema.org","@graph":[{"@type":"WebPage","@id":"https:\/\/buschmills.com\/es\/portal-de-clientes\/","url":"https:\/\/buschmills.com\/es\/portal-de-clientes\/","name":"Portal de clientes - Busch Mills &amp; Slomka, LLP","isPartOf":{"@id":"https:\/\/buschmills.com\/#website"},"datePublished":"2019-11-27T23:26:55+00:00","dateModified":"2023-06-21T12:40:07+00:00","breadcrumb":{"@id":"https:\/\/buschmills.com\/es\/portal-de-clientes\/#breadcrumb"},"inLanguage":"es","potentialAction":[{"@type":"ReadAction","target":["https:\/\/buschmills.com\/es\/portal-de-clientes\/"]}]},{"@type":"BreadcrumbList","@id":"https:\/\/buschmills.com\/es\/portal-de-clientes\/#breadcrumb","itemListElement":[{"@type":"ListItem","position":1,"name":"Home","item":"https:\/\/buschmills.com\/"},{"@type":"ListItem","position":2,"name":"Portal de clientes"}]},{"@type":"WebSite","@id":"https:\/\/buschmills.com\/#website","url":"https:\/\/buschmills.com\/","name":"Busch Mills &amp; Slomka, LLP","description":"Law Firm","potentialAction":[{"@type":"SearchAction","target":{"@type":"EntryPoint","urlTemplate":"https:\/\/buschmills.com\/?s={search_term_string}"},"query-input":{"@type":"PropertyValueSpecification","valueRequired":true,"valueName":"search_term_string"}}],"inLanguage":"es"}]}},"_links":{"self":[{"href":"https:\/\/buschmills.com\/es\/wp-json\/wp\/v2\/pages\/1691","targetHints":{"allow":["GET"]}}],"collection":[{"href":"https:\/\/buschmills.com\/es\/wp-json\/wp\/v2\/pages"}],"about":[{"href":"https:\/\/buschmills.com\/es\/wp-json\/wp\/v2\/types\/page"}],"author":[{"embeddable":true,"href":"https:\/\/buschmills.com\/es\/wp-json\/wp\/v2\/users\/1"}],"replies":[{"embeddable":true,"href":"https:\/\/buschmills.com\/es\/wp-json\/wp\/v2\/comments?post=1691"}],"version-history":[{"count":0,"href":"https:\/\/buschmills.com\/es\/wp-json\/wp\/v2\/pages\/1691\/revisions"}],"wp:attachment":[{"href":"https:\/\/buschmills.com\/es\/wp-json\/wp\/v2\/media?parent=1691"}],"curies":[{"name":"wp","href":"https:\/\/api.w.org\/{rel}","templated":true}]}}